{"id":987489616,"date":"2022-10-25T16:51:47","date_gmt":"2022-10-25T13:51:47","guid":{"rendered":"https:\/\/klementiart.com\/minust\/"},"modified":"2026-04-13T20:46:36","modified_gmt":"2026-04-13T17:46:36","slug":"minust","status":"publish","type":"page","link":"https:\/\/klementiart.com\/et\/minust\/","title":{"rendered":"Minust"},"content":{"rendered":"\n<div class=\"et_pb_section_0 et_pb_section et_section_regular et_block_section\"><div class=\"et_pb_row_0 et_pb_row et_block_row\"><div class=\"et_pb_column_0 et_pb_column et_pb_column_1_2 et_block_column et_pb_css_mix_blend_mode_passthrough\"><div class=\"et_pb_text_0 et_pb_text et_pb_bg_layout_dark et_animated et_pb_module et_block_module\"><div class=\"et_pb_text_inner\"><h1>Aga mul on savi!<\/h1>\n<\/div><\/div><div class=\"et_pb_divider_0 et_pb_divider et_pb_space et_pb_divider_position_center et_animated et_pb_module\"><div class=\"et_pb_divider_internal\"><\/div><\/div><div class=\"et_pb_text_1 et_pb_text et_pb_bg_layout_dark et_animated et_pb_module et_block_module\"><div class=\"et_pb_text_inner\"><p><span>Elan Tallinnas, kus ma loon k\u00e4sit\u00f6\u00f6keraamikat oma v\u00e4ikeses kodustuudios.<\/span><\/p>\n<p>Minu teekond keraamika juurde.<\/p>\n<\/div><\/div><\/div><div class=\"et_pb_column_1 et_pb_column et_pb_column_1_2 et-last-child et_block_column et_pb_column_empty et_pb_css_mix_blend_mode_passthrough\"><\/div><\/div><\/div><div class=\"et_pb_section_1 et_pb_section et_section_specialty et_pb_equal_columns et_pb_gutters1 et_block_section\"><div class=\"et_pb_row et_block_row\"><div class=\"et_pb_column_2 et_pb_column et_pb_column_single et_pb_column_1_3 et_block_column et_pb_css_mix_blend_mode_passthrough\"><div class=\"et_pb_image_0 et_pb_image et_pb_module et_block_module\"><span class=\"et_pb_image_wrap\"><img decoding=\"async\" src=\"https:\/\/klementiart.com\/wp-content\/uploads\/2022\/11\/First-day-behind-the-potters-wheel-408x510.webp\" title=\"Minu esimene p\u00e4ev potikedra taga.\" \/><\/span><\/div><div class=\"et_pb_text_2 et_pb_text et_pb_bg_layout_light et_pb_module et_block_module et_pb_text_align_center\"><div class=\"et_pb_text_inner\"><p style=\"text-align: center;\"><em>Kuidas \u00f5nn v\u00e4lja n\u00e4eb: Mina esimest korda potikedra taga 2018. aastal<\/em><\/p>\n<\/div><\/div><\/div><div class=\"et_pb_column_3 et_pb_column et_pb_specialty_column et_pb_column_2_3 et-last-child et_block_column et_pb_css_mix_blend_mode_passthrough\"><div class=\"et_pb_row_inner_0 et_pb_row_inner et_block_row\"><div class=\"et_pb_column_inner_0 et_pb_column_inner et_pb_column et_pb_column_4_4 et-last-child et_block_column et_pb_css_mix_blend_mode_passthrough\"><div class=\"et_pb_text_3 et_pb_text et_pb_bg_layout_light et_animated et_pb_module et_block_module\"><div class=\"et_pb_text_inner\"><h2>Minu teekond keraamika juurde.<\/h2>\n<\/div><\/div><div class=\"et_pb_divider_1 et_pb_divider et_pb_space et_pb_divider_position_center et_animated et_pb_module\"><div class=\"et_pb_divider_internal\"><\/div><\/div><div class=\"et_pb_text_4 et_pb_text et_pb_bg_layout_light et_pb_module et_block_module et_pb_text_align_justified\"><div class=\"et_pb_text_inner\"><p>Tere, tore on Sind siin kohata!<\/p>\n<p><strong>Minu nimi on Kristjan Klementi.<\/strong><\/p>\n<p>Elan Tallinnas, kus ma loon k\u00e4sit\u00f6\u00f6keraamikat oma v\u00e4ikeses kodustuudios.<\/p>\n<p>Minu teekond keraamika juurde sai alguse 2018. aasta suvel. Puhkuse ajal oli plaanis osaleda m\u00f5nes keraamika t\u00f6\u00f6toas v\u00f5i kursusel. Juhtus aga nii, et kursusel osalemise asemel rentisin endale potikedra ning ostsin kolmk\u00fcmmend kilo savi. Seadsin potikedra \u00fcles oma aeda ja proovisin treida m\u00f5ne anuma. \u2026Millest loomulikult ei tulnud esialgu mitte midagi v\u00e4lja. Aga harjutamine ja \u00f5ppimine viis edasi ning suve l\u00f5puks oli tehtud juba parajalt palju kausse, vaase ja kruuse, nii et l\u00e4hedased said sel aastal isevalmistatud j\u00f5ulukingid. Peale kuuen\u00e4dalast \u00f5ppimist ja valmistamist pidin potikedra tagasi viima, kuid need loetud n\u00e4dalad v\u00f5tsid mu k\u00e4e ja mu s\u00fcdame.    <\/p>\n<p>J\u00e4rgmise aasta suvel plaanisin algselt teha sedasama, kuid seekord otsustasin potikedra rentimise asemel see omale p\u00e4riseks osta. Sama aasta l\u00f5pus seadsin \u00fcles ka oma keraamikap\u00f5letuse, mis v\u00f5imaldas oma n\u00f5usid ise p\u00f5letada. Sellest alates olen teinud loendamatu arvu erinevaid anumaid.<\/p>\n<p>Kui saabus pandeemia, oli meil k\u00f5igil vaja kohaneda uute oludega ning \u00fchtlasi leida kodused v\u00f5imalused kaugt\u00f6\u00f6 tegemiseks. Pandeemia alguses tegin oma garaa\u017ei t\u00fchjaks, soojustasin p\u00f5randa, vahetasin aknad, kraamisin-v\u00e4rvisin ning voil\u00e0 - garaa\u017ei \u00fchte nurka sai minu kodukontor ning teise nurka kodustuudio potikedra ja p\u00f5letusahjuga.<\/p>\n<p>Mul ei ole kunstikooli diplomit ega keraamiku kutsetunnistust. K\u00f5ik, mida olen omandanud ja \u00f5ppinud, on tulnud l\u00e4bi katsetamise ja j\u00e4rjepideva tegemise, saades igast esemest j\u00e4rgmise \u00f5ppetunni selle t\u00e4iustamiseks ja paremaks muutmiseks. <\/p>\n<p>Vaatasin oma elus \u00fcle selle, mis minu jaoks on oluline ning mida tahan edasi teha. Minu olemisele istub millegi oma k\u00e4tega tegemine. Ma armastan seda, mida ma teen ja teen seda s\u00fcdame ja kirega. N\u00f5ude tegemine \u2013 sellesse olen pannud oma s\u00fcdame ning sinna panen oma energia ja \u00fchtlasi ammutan energiat.  <\/p>\n<p>See on l\u00fchidalt minu teekond meistrini, kes valmistab keraamikat oma tillukeses kodustuudios. Vahest ainult igatsen suurema stuudio j\u00e4rele. Vahest ainult igatsen suurema stuudio j\u00e4rele.<\/p>\n<\/div><\/div><\/div><\/div><\/div><\/div><\/div><div class=\"et_pb_section_2 et_pb_section et_section_regular et_block_section\"><div class=\"et_pb_row_1 et_pb_row et_pb_equal_columns et_pb_gutters4 et_block_row\"><div class=\"et_pb_column_4 et_pb_column et_pb_column_2_3 et_block_column et_pb_css_mix_blend_mode_passthrough\"><div class=\"et_pb_image_1 et_pb_image et_pb_module et_block_module\"><span class=\"et_pb_image_wrap\"><img decoding=\"async\" src=\"https:\/\/klementiart.com\/wp-content\/uploads\/2023\/10\/2022-10-25-4-16-9-1920-1080x608.webp\" title=\"Keraamiku k\u00e4ed\" alt=\"J\u00e4\u00e4kraklee glasuuriga mustast k\u00f5rgkuumus savist toos.\" \/><\/span><\/div><\/div><div class=\"et_pb_column_5 et_pb_column et_pb_column_1_3 et-last-child et_block_column et_pb_css_mix_blend_mode_passthrough\"><div class=\"et_pb_text_5 et_pb_text et_pb_bg_layout_light et_pb_module et_block_module\"><div class=\"et_pb_text_inner\"><h2>K\u00e4sit\u00f6\u00f6 v\u00e4\u00e4rtus<\/h2>\n<\/div><\/div><div class=\"et_pb_divider_2 et_pb_divider et_pb_space et_pb_divider_position_center et_animated et_pb_module\"><div class=\"et_pb_divider_internal\"><\/div><\/div><div class=\"et_pb_text_6 et_pb_text et_pb_bg_layout_light et_pb_module et_block_module\"><div class=\"et_pb_text_inner\"><p>Enne t\u00f6\u00f6stusrevolutsiooni olid inimk\u00e4ed need, mis valmistasid meile k\u00f5ik eluks vajaliku. Kui tehased suudavad k\u00fcll teha v\u00e4ga palju ja odavaid asju siis ainult meistri k\u00e4ed on need mis suudavad oma t\u00f6\u00f6sse lisada armastust, hoolimist, t\u00e4helepanu ja oskuslikkust.<\/p>\n<\/div><\/div><\/div><\/div><\/div><div class=\"et_pb_section_3 et_pb_section et_section_specialty et_pb_equal_columns et_pb_gutters1 et_block_section\"><div class=\"et_pb_row et_block_row\"><div class=\"et_pb_column_6 et_pb_column et_pb_column_single et_pb_column_1_3 et_block_column et_pb_column_empty et_pb_css_mix_blend_mode_passthrough\"><\/div><div class=\"et_pb_column_7 et_pb_column et_pb_specialty_column et_pb_column_2_3 et-last-child et_block_column et_pb_css_mix_blend_mode_passthrough\"><div class=\"et_pb_row_inner_1 et_pb_row_inner et_block_row\"><div class=\"et_pb_column_inner_1 et_pb_column_inner et_pb_column et_pb_column_4_4 et-last-child et_block_column et_pb_css_mix_blend_mode_passthrough\"><div class=\"et_pb_text_7 et_pb_text et_pb_bg_layout_light et_animated et_pb_module et_block_module\"><div class=\"et_pb_text_inner\"><h2>Lihtsad ja funktsionaalsed esemed, t\u00e4iustatud tagasihoidlike detailidega.<\/h2>\n<\/div><\/div><div class=\"et_pb_divider_3 et_pb_divider et_pb_space et_pb_divider_position_center et_animated et_pb_module\"><div class=\"et_pb_divider_internal\"><\/div><\/div><div class=\"et_pb_text_8 et_pb_text et_pb_bg_layout_light et_pb_module et_block_module\"><div class=\"et_pb_text_inner\"><p>Oma t\u00f6\u00f6de juures keskendun pigem lihtsale disainile ja funktsionaalsusele, millel oleks ka praktiline v\u00e4\u00e4rtus.<\/p>\n<p>Mulle meeldib kombineerida omavahel glasuuritud ja glasuurimata pindasid, loomaks kontrasti ning samas toomaks v\u00e4lja ka selle iidse materjali ilu, mis tekkis maakeral ammu enne seda, kui inimene siin k\u00f5ndima hakkas. Aegajalt lisan m\u00f5ne tagasihoidliku detaili glasuurimata aladele ning vahel meeldib ka j\u00e4tta kogu anum v\u00e4ljast glasuurimata, toomaks esile puhta savi siidisuse ja soojuse.<\/p>\n<p>Mulle on olemuslikult oluline viimistleda igat detaili,<\/p>\n<p>P\u00f6\u00f6rates suurimat t\u00e4helepanu sellele, kuidas kaas anumal istub, kuidas teekannu tila teed valab, milline on anuma jalg, kuidas anum tundub siidiselt soe ja sile k\u00e4es hoida, v\u00f5i mis tunne on, kui huuled puudutavad tassi serva ning loomulikult, et iga anuma p\u00f5hi oleks t\u00e4iuslikult sile ega kriibiks kuidagi kombel \u00fchegi laua pinda.<\/p>\n<\/div><\/div><\/div><\/div><\/div><\/div><\/div><div class=\"et_pb_section_4 et_pb_section et_section_specialty et_pb_equal_columns et_pb_gutters1 et_block_section\"><div class=\"et_pb_row et_block_row\"><div class=\"et_pb_column_8 et_pb_column et_pb_specialty_column et_pb_column_2_3 et_block_column et_pb_css_mix_blend_mode_passthrough\"><div class=\"et_pb_row_inner_2 et_pb_row_inner et_block_row\"><div class=\"et_pb_column_inner_2 et_pb_column_inner et_pb_column et_pb_column_4_4 et-last-child et_block_column et_pb_css_mix_blend_mode_passthrough\"><div class=\"et_pb_text_9 et_pb_text et_pb_bg_layout_light et_animated et_pb_module et_block_module\"><div class=\"et_pb_text_inner\"><h2><span>Tuues teie ellu vaikset ja kauakestvat r\u00f5\u00f5mu<\/span><\/h2>\n<\/div><\/div><div class=\"et_pb_divider_4 et_pb_divider et_pb_space et_pb_divider_position_center et_animated et_pb_module\"><div class=\"et_pb_divider_internal\"><\/div><\/div><div class=\"et_pb_text_10 et_pb_text et_pb_bg_layout_light et_pb_module et_block_module\"><div class=\"et_pb_text_inner\"><p>Me \u00fcmbritseme ennast enamasti asjadega, mis toetavad meie olemust ja v\u00e4\u00e4rtuseid. Asjad aitavad meil luua enda \u00fcmber \u00f5iget meeleolu ja atmosf\u00e4\u00e4ri.<\/p>\n<p>Aja jooksul tekib nende asjadega side, mida igap\u00e4evaelus kasutame. Hommikuti sirutame k\u00e4e oma lemmiktassi v\u00f5i -kausi j\u00e4rele, p\u00fchap\u00e4eval pere v\u00f5i s\u00f5pradega l\u00f5unatades katame laua ikka samade lemmikn\u00f5udega. Need aitavad meil muuta hetke eriliseks ning ka turvaliseks. Need esemed ei r\u00e4\u00e4gi meile lugusid kunstnikest, kes need valmistas \u2013 need r\u00e4\u00e4givad meile lugusid meie endi m\u00e4lestustest ja ilusatest hetkedest \u2013 ning need aitavad meil neid lugusid ja m\u00e4lestusi s\u00e4ilitada ning j\u00e4rgmisele p\u00f5lvkonnale edasi anda.<\/p>\n<\/div><\/div><\/div><\/div><\/div><div class=\"et_pb_column_9 et_pb_column et_pb_column_single et_pb_column_1_3 et-last-child et_block_column et_pb_column_empty et_pb_css_mix_blend_mode_passthrough\"><\/div><\/div><\/div><div class=\"et_pb_section_5 et_pb_section et_section_regular et_block_section\"><div class=\"et_pb_row_2 et_pb_row et_pb_equal_columns et_pb_gutters4 et_block_row\"><div class=\"et_pb_column_10 et_pb_column et_pb_column_1_3 et_block_column et_pb_css_mix_blend_mode_passthrough\"><div class=\"et_pb_text_11 et_pb_text et_pb_bg_layout_light et_pb_module et_block_module\"><div class=\"et_pb_text_inner\"><h2>Minu esimene keraamiline tops<\/h2>\n<\/div><\/div><div class=\"et_pb_divider_5 et_pb_divider et_pb_space et_pb_divider_position_center et_animated et_pb_module\"><div class=\"et_pb_divider_internal\"><\/div><\/div><div class=\"et_pb_text_12 et_pb_text et_pb_bg_layout_light et_animated et_pb_module et_block_module\"><div class=\"et_pb_text_inner\"><p>Aastal 2009 t\u00e4histasime oma t\u00fctre s\u00fcnnip\u00e4eva \u00fches Tallinna keraamikakojas. Me k\u00f5ik tegime seal oma k\u00e4ed saviseks ning meisterdasime midagi oma parima ettekujutusv\u00f5ime ja osavuse piirides.<\/p>\n<p>Oma elu k\u00f5ige esimese topsi tegin seal t\u00f6\u00f6toas ning see on j\u00e4tkuvalt mu stuudio riiulil auv\u00e4\u00e4rse koha peal. Ma arvan, et sealt saingi endale savinakkuse!<\/p>\n<\/div><\/div><\/div><div class=\"et_pb_column_11 et_pb_column et_pb_column_2_3 et-last-child et_block_column et_pb_css_mix_blend_mode_passthrough\"><div class=\"et_pb_image_2 et_pb_image et_pb_module et_block_module\"><span class=\"et_pb_image_wrap\"><img data-dominant-color=\"8a857e\" data-has-transparency=\"false\" style=\"--dominant-color: #8a857e;\" loading=\"lazy\" decoding=\"async\" src=\"https:\/\/klementiart.com\/wp-content\/uploads\/2023\/12\/PA250002-16-9-1920-jpg.webp\" width=\"1920\" height=\"1080\" srcset=\"https:\/\/klementiart.com\/wp-content\/uploads\/2023\/12\/PA250002-16-9-1920-jpg.webp 1920w, https:\/\/klementiart.com\/wp-content\/uploads\/2023\/12\/PA250002-16-9-1920-1280x720.webp 1280w, https:\/\/klementiart.com\/wp-content\/uploads\/2023\/12\/PA250002-16-9-1920-980x551.webp 980w, https:\/\/klementiart.com\/wp-content\/uploads\/2023\/12\/PA250002-16-9-1920-480x270.webp 480w\" sizes=\"(min-width: 0px) and (max-width: 480px) 480px, (min-width: 481px) and (max-width: 980px) 980px, (min-width: 981px) and (max-width: 1280px) 1280px, (min-width: 1281px) 1920px, 100vw\" class=\"wp-image-987488266 not-transparent\" title=\"Minu esimene keraamiline tops aastal 2014\" alt=\"\u00dcks minu esimestest keraamilistest anumatest, valmistatud 2009 aastal\" \/><\/span><\/div><\/div><\/div><\/div>\n","protected":false},"excerpt":{"rendered":"<p>Minu teekond keraamika juurde. Minu olemisele istub millegi oma k\u00e4tega tegemine. Ma armastan seda, mida ma teen ja teen seda s\u00fcdame ja kirega.<\/p>\n","protected":false},"author":2,"featured_media":1016,"parent":0,"menu_order":0,"comment_status":"closed","ping_status":"closed","template":"","meta":{"footnotes":""},"class_list":["post-987489616","page","type-page","status-publish","has-post-thumbnail","hentry"],"_links":{"self":[{"href":"https:\/\/klementiart.com\/et\/wp-json\/wp\/v2\/pages\/987489616","targetHints":{"allow":["GET"]}}],"collection":[{"href":"https:\/\/klementiart.com\/et\/wp-json\/wp\/v2\/pages"}],"about":[{"href":"https:\/\/klementiart.com\/et\/wp-json\/wp\/v2\/types\/page"}],"author":[{"embeddable":true,"href":"https:\/\/klementiart.com\/et\/wp-json\/wp\/v2\/users\/2"}],"replies":[{"embeddable":true,"href":"https:\/\/klementiart.com\/et\/wp-json\/wp\/v2\/comments?post=987489616"}],"version-history":[{"count":14,"href":"https:\/\/klementiart.com\/et\/wp-json\/wp\/v2\/pages\/987489616\/revisions"}],"predecessor-version":[{"id":987490035,"href":"https:\/\/klementiart.com\/et\/wp-json\/wp\/v2\/pages\/987489616\/revisions\/987490035"}],"wp:featuredmedia":[{"embeddable":true,"href":"https:\/\/klementiart.com\/et\/wp-json\/wp\/v2\/media\/1016"}],"wp:attachment":[{"href":"https:\/\/klementiart.com\/et\/wp-json\/wp\/v2\/media?parent=987489616"}],"curies":[{"name":"wp","href":"https:\/\/api.w.org\/{rel}","templated":true}]}}