{"id":987489569,"date":"2022-10-25T13:25:00","date_gmt":"2022-10-25T10:25:00","guid":{"rendered":"https:\/\/klementiart.com\/avaleht\/"},"modified":"2026-04-13T22:26:36","modified_gmt":"2026-04-13T19:26:36","slug":"avaleht","status":"publish","type":"page","link":"https:\/\/klementiart.com\/et\/","title":{"rendered":"Kodu"},"content":{"rendered":"<div class=\"et_pb_section_0 et_pb_section et_section_regular et_block_section\">\n<div class=\"et_pb_row_0 et_pb_row et_block_row\">\n<div class=\"et_pb_column_0 et_pb_column et_pb_column_3_5 et_block_column et_pb_css_mix_blend_mode_passthrough\">\n<div class=\"et_pb_text_0 et_pb_text et_pb_bg_layout_dark et_animated et_pb_module et_block_module\"><div class=\"et_pb_text_inner\"><h1>Tere tulemast<\/h1>\n<\/div><\/div>\n\n<div class=\"et_pb_divider_0 et_pb_divider et_pb_space et_pb_divider_position_center et_animated et_pb_module\"><div class=\"et_pb_divider_internal\"><\/div><\/div>\n\n<div class=\"et_pb_text_1 et_pb_text et_pb_bg_layout_dark et_animated et_pb_module et_block_module\"><div class=\"et_pb_text_inner\"><p><span>Lihtsad ja funktsionaalsed esemed, t\u00e4iustatud tagasihoidlike detailidega,<\/span><br \/><span>loodud ja viimistletud armastuse ning hoolega.<\/span><\/p>\n<p>Kristjan Klementi k\u00e4sit\u00f6\u00f6keraamika<\/p>\n<p>&nbsp;<\/p>\n<\/div><\/div>\n<\/div>\n\n<div class=\"et_pb_column_1 et_pb_column et_pb_column_2_5 et-last-child et_block_column et_pb_column_empty et_pb_css_mix_blend_mode_passthrough\"><\/div>\n<\/div>\n<\/div>\n\n<div class=\"et_pb_section_1 et_pb_section et_section_regular et_block_section\">\n<div class=\"et_pb_row_1 et_pb_row et_pb_equal_columns et_pb_gutters1 et_block_row\">\n<div class=\"et_pb_column_2 et_pb_column et_pb_column_1_3 et_block_column et_pb_css_mix_blend_mode_passthrough\">\n<div class=\"et_pb_image_0 et_pb_image et_pb_module et_block_module\"><span class=\"et_pb_image_wrap\"><img decoding=\"async\" src=\"https:\/\/klementiart.com\/wp-content\/uploads\/2023\/10\/20230722_114605-1-1-1350-510x510.webp\" title=\"Profiilipilt - Kristjan Klementi\" alt=\"Profiilipilt - Kristjan Klementi\" \/><\/span><\/div>\n\n<div class=\"et_pb_text_2 et_pb_text et_pb_bg_layout_dark et_animated et_pb_module et_block_module et_pb_text_align_center\"><div class=\"et_pb_text_inner\"><h2>Minust<\/h2>\n<\/div><\/div>\n\n<div class=\"et_pb_divider_1 et_pb_divider et_pb_space et_pb_divider_position_center et_animated et_pb_module\"><div class=\"et_pb_divider_internal\"><\/div><\/div>\n\n<div class=\"et_pb_text_3 et_pb_text et_pb_bg_layout_light et_animated et_pb_module et_block_module et_pb_text_align_justified\"><div class=\"et_pb_text_inner\"><p>Tore on sind siin kohata.<\/p>\n<p>Minu nimi on <strong>Kristjan Klementi<\/strong><br \/>Ma loon k\u00e4sit\u00f6\u00f6 keraamikat oma tillukeses kodustuudios.<\/p>\n<p>&nbsp;<\/p>\n<\/div><\/div>\n\n<div class=\"et_pb_module et_pb_button_module_wrapper et_pb_button_0_wrapper\"><a class=\"et_pb_button_0 et_pb_button et_pb_bg_layout_light et_animated et_pb_module et_block_module\" href=\"https:\/\/klementiart.com\/en\/about\/\" data-icon=\"$\">loe minu lugu<\/a><\/div>\n<\/div>\n\n<div class=\"et_pb_column_3 et_pb_column et_pb_column_1_3 et_block_column et_pb_css_mix_blend_mode_passthrough\">\n<div class=\"et_pb_text_4 et_pb_text et_pb_bg_layout_dark et_animated et_pb_module et_block_module et_pb_text_align_center\"><div class=\"et_pb_text_inner\"><h2>Mida ma teen<\/h2>\n<\/div><\/div>\n\n<div class=\"et_pb_divider_2 et_pb_divider et_pb_space et_pb_divider_position_center et_animated et_pb_module\"><div class=\"et_pb_divider_internal\"><\/div><\/div>\n\n<div class=\"et_pb_text_5 et_pb_text et_pb_bg_layout_light et_animated et_pb_module et_block_module et_pb_text_align_justified\"><div class=\"et_pb_text_inner\"><p>Loon savist igap\u00e4eva tarbeesemeid, mis on olemuselt lihtsad, funktsionaalsed ja h\u00e4sti viimistletud.<\/p>\n<p>P\u00fc\u00fcan aidata oma t\u00f6\u00f6de l\u00e4bi tuua meie igap\u00e4evaellu vaikse, tagasihoidliku ja maal\u00e4hedase meeleolu.<\/p>\n<p>&nbsp;<\/p>\n<p>&nbsp;<\/p>\n<\/div><\/div>\n\n<div class=\"et_pb_module et_pb_button_module_wrapper et_pb_button_1_wrapper\"><a class=\"et_pb_button_1 et_pb_button et_pb_bg_layout_light et_animated et_pb_module et_block_module\" href=\"https:\/\/klementiart.com\/en\/designs\/\" data-icon=\"$\">Vaata mu t\u00f6id<\/a><\/div>\n<\/div>\n\n<div class=\"et_pb_column_4 et_pb_column et_pb_column_1_3 et-last-child et_block_column et_pb_css_mix_blend_mode_passthrough\">\n<div class=\"et_pb_text_6 et_pb_text et_pb_bg_layout_light et_animated et_pb_module et_block_module et_pb_text_align_center\"><div class=\"et_pb_text_inner\"><h2>V\u00f5ta \u00fchendust<\/h2>\n<\/div><\/div>\n\n<div class=\"et_pb_divider_3 et_pb_divider et_pb_space et_pb_divider_position_center et_animated et_pb_module\"><div class=\"et_pb_divider_internal\"><\/div><\/div>\n\n<div class=\"et_pb_text_7 et_pb_text et_pb_bg_layout_light et_animated et_pb_module et_block_module et_pb_text_align_center\"><div class=\"et_pb_text_inner\"><p>hi@klementiart.com<\/p>\n<p>(+372) 5666 2601<\/p>\n<p>&nbsp;<\/p>\n<\/div><\/div>\n\n<div class=\"et_pb_text_8 et_pb_text et_pb_bg_layout_light et_animated et_pb_module et_block_module et_pb_text_align_center\"><div class=\"et_pb_text_inner\"><h2>J\u00e4lgi<\/h2>\n<\/div><\/div>\n\n<ul class=\"et_pb_social_media_follow_0 et_pb_social_media_follow clearfix et_pb_bg_layout_light et_pb_text_align_center et_pb_module et_block_module\"><li class=\"et_pb_social_media_follow_network_0 et_pb_social_media_follow_network et_pb_social_icon et_pb_social_network_link et-social-facebook et_pb_module et_flex_module\"><a href=\"https:\/\/www.facebook.com\/klementi.art\" class=\"icon\" target=\"_self\" title=\"Follow on Facebook\" rel=\"noopener\"><span class=\"et_pb_social_media_follow_network_name\">Follow<\/span><\/a><\/li><li class=\"et_pb_social_media_follow_network_1 et_pb_social_media_follow_network et_pb_social_icon et_pb_social_network_link et-social-instagram et_pb_module et_flex_module\"><a href=\"https:\/\/www.instagram.com\/klementi.art\" class=\"icon\" target=\"_self\" title=\"Follow on Instagram\" rel=\"noopener\"><span class=\"et_pb_social_media_follow_network_name\">Follow<\/span><\/a><\/li><li class=\"et_pb_social_media_follow_network_2 et_pb_social_media_follow_network et_pb_social_icon et_pb_social_network_link et-social-youtube et_pb_module et_flex_module\"><a href=\"https:\/\/www.youtube.com\/@klementi-art\" class=\"icon\" target=\"_self\" title=\"Follow on Youtube\" rel=\"noopener\"><span class=\"et_pb_social_media_follow_network_name\">Follow<\/span><\/a><\/li><\/ul>\n\n<div class=\"et_pb_text_9 et_pb_text et_pb_bg_layout_light et_animated et_pb_module et_block_module et_pb_text_align_center\"><div class=\"et_pb_text_inner\"><h2>K\u00fclasta poodi<\/h2>\n<\/div><\/div>\n\n<div class=\"et_pb_module et_pb_button_module_wrapper et_pb_button_2_wrapper\"><a class=\"et_pb_button_2 et_pb_button et_pb_bg_layout_light et_animated et_pb_module et_block_module\" href=\"https:\/\/klementiart.etsy.com\" target=\"_blank\" data-icon=\"$\">K\u00fclasta poodi ETSY-s<\/a><\/div>\n<\/div>\n<\/div>\n<\/div>\n\n<div class=\"et_pb_section_2 et_pb_section et_section_specialty et_pb_equal_columns et_pb_gutters3 et_block_section\"><div class=\"et_pb_row et_block_row\">\n<div class=\"et_pb_column_5 et_pb_column et_pb_specialty_column et_pb_column_2_3 et_block_column et_pb_css_mix_blend_mode_passthrough\">\n<div class=\"et_pb_row_inner_0 et_pb_row_inner et_block_row\">\n<div class=\"et_pb_column_inner_0 et_pb_column_inner et_pb_column et_pb_column_4_4 et-last-child et_block_column et_pb_css_mix_blend_mode_passthrough\">\n<div class=\"et_pb_text_10 et_pb_text et_pb_bg_layout_light et_animated et_pb_module et_block_module\"><div class=\"et_pb_text_inner\"><h2>Loodud hinge, hoole ja armastusega.<\/h2>\n<\/div><\/div>\n\n<div class=\"et_pb_divider_4 et_pb_divider et_pb_space et_pb_divider_position_center et_animated et_pb_module\"><div class=\"et_pb_divider_internal\"><\/div><\/div>\n\n<div class=\"et_pb_text_11 et_pb_text et_pb_bg_layout_light et_pb_module et_block_module\"><div class=\"et_pb_text_inner\"><p>Minu jaoks kunst ei ole ainult loomingulisus, vaid ka oskus ja osavus seda valmistada.<\/p>\n<p>Iga kord, kui panen savipalli treipingile panen oma tegemisse palju hoolt ja t\u00e4helepanu mida ja kuidas ma teen.<\/p>\n<p>Iga ese mida valmistan on osa minu teekonnast meisterlikkusele. Iga v\u00e4iksemgi detail omab eesm\u00e4rki ja t\u00e4hendust luues \u00fchtse terviku l\u00f5ppviimistluses, selleks et valminud ese ei oleks mitte lihtsalt kena silmale vaid ka soe ning siidiselt sile k\u00e4es hoidaes.<\/p>\n<\/div><\/div>\n<\/div>\n<\/div>\n<\/div>\n\n<div class=\"et_pb_column_6 et_pb_column et_pb_column_single et_pb_column_1_3 et-last-child et_block_column et_pb_column_empty et_pb_css_mix_blend_mode_passthrough\"><\/div>\n<\/div><\/div>\n\n<div class=\"et_pb_section_3 et_pb_section et_section_regular et_block_section\"><div class=\"et_pb_row_2 et_pb_row et_block_row\"><div class=\"et_pb_column_7 et_pb_column et_pb_column_4_4 et-last-child et_block_column et_pb_css_mix_blend_mode_passthrough\"><div class=\"et_pb_text_12 et_pb_text et_pb_bg_layout_light et_animated et_pb_module et_block_module\"><div class=\"et_pb_text_inner\"><h2 style=\"text-align: center\">Different styles<\/h2>\n<\/div><\/div><div class=\"et_pb_divider_5 et_pb_divider et_pb_space et_pb_divider_position_center et_animated et_pb_module\"><div class=\"et_pb_divider_internal\"><\/div><\/div><\/div><\/div><div class=\"et_pb_row_3 et_pb_row et_pb_row_4col et_pb_equal_columns et_pb_gutters1 et_block_row et_block_row_4col\"><div class=\"et_pb_column_8 et_pb_column et_pb_column_1_4 et_block_column et_pb_css_mix_blend_mode_passthrough et-zoom-in\"><div class=\"et_pb_image_1 et_pb_image et_pb_module et_block_module\"><a href=\"https:\/\/klementiart.com\/en\/designs\/ice-cracle-glaze\/\"><span class=\"et_pb_image_wrap\"><img decoding=\"async\" src=\"https:\/\/klementiart.com\/wp-content\/uploads\/2024\/02\/20230908-P9080128-4-5-1350-510x408.webp\" title=\"Ice-Crackle collection theme image\" \/><\/span><\/a><\/div><div class=\"et_pb_text_13 et_pb_text et_pb_bg_layout_dark et_animated et_pb_module et_block_module et_pb_text_align_center\"><div class=\"et_pb_text_inner\"><h3>Ice crackle<\/h3>\n<p>A glaze with many names: ice crackle, tortoise shell, snowflake and many more.<\/p>\n<p>Made with thick layer of crackle glaze where the fractures develop the look of cracked ice. Hence also its name \u2013 Ice Crackle.<\/p>\n<\/div><\/div><div class=\"et_pb_module et_pb_button_module_wrapper et_pb_button_3_wrapper\"><a class=\"et_pb_button_3 et_pb_button et_pb_bg_layout_light et_animated et_pb_module et_block_module\" href=\"https:\/\/klementiart.com\/en\/designs\/ice-cracle-glaze\/\" data-icon=\"$\">view details<\/a><\/div><\/div><div class=\"et_pb_column_9 et_pb_column et_pb_column_1_4 et_block_column et_pb_css_mix_blend_mode_passthrough et-zoom-in\"><div class=\"et_pb_image_2 et_pb_image et_pb_module et_block_module\"><a href=\"https:\/\/klementiart.com\/en\/designs\/stardust\/\"><span class=\"et_pb_image_wrap\"><img decoding=\"async\" src=\"https:\/\/klementiart.com\/wp-content\/uploads\/2022\/12\/5-4-1350-20221201-PC010091-510x408.webp\" title=\"Closeup of micro crystals on Tea Dust glaze\" alt=\"Stardust collection - closeup of a jar with Tea Dust glaze\" \/><\/span><\/a><\/div><div class=\"et_pb_text_14 et_pb_text et_pb_bg_layout_dark et_animated et_pb_module et_block_module et_pb_text_align_center\"><div class=\"et_pb_text_inner\"><h3>Stardust<\/h3>\n<p>When the odds become even during the firing process the iron rich glaze develops beautiful golden microcrystals. Sometimes covering the whole ware with golden hue and other times just few golden sparks like stars.<\/p>\n<p>Glaze that\u2019s originally called \u201cTea-Dust\u201d and was mainly used in Imperial ware.<\/p>\n<\/div><\/div><div class=\"et_pb_module et_pb_button_module_wrapper et_pb_button_4_wrapper\"><a class=\"et_pb_button_4 et_pb_button et_pb_bg_layout_light et_animated et_pb_module et_block_module\" href=\"https:\/\/klementiart.com\/en\/designs\/stardust\/\" data-icon=\"$\">view details<\/a><\/div><\/div><div class=\"et_pb_column_10 et_pb_column et_pb_column_1_4 et_block_column et_pb_css_mix_blend_mode_passthrough et-zoom-in\"><div class=\"et_pb_image_3 et_pb_image et_pb_module et_block_module\"><a href=\"https:\/\/klementiart.com\/en\/designs\/black-and-white\/\"><span class=\"et_pb_image_wrap\"><img decoding=\"async\" src=\"https:\/\/klementiart.com\/wp-content\/uploads\/2024\/02\/20230927-P9270004-4-5-1350-510x408.webp\" title=\"Midnight Shadows collection image\" alt=\"Black stoneware teapot, a tea bowl and storage jar\" \/><\/span><\/a><\/div><div class=\"et_pb_text_15 et_pb_text et_pb_bg_layout_dark et_animated et_pb_module et_block_module et_pb_text_align_center\"><div class=\"et_pb_text_inner\"><h3>Midnight shadows<\/h3>\n<p>Shadows hide the color opening the playground of light and dark.<\/p>\n<p>Made from black Spanish stoneware clay with added contrast or sometimes just bare black natural clay to pay tribute to the material itself.<a href=\"#\"><\/a><\/p>\n<\/div><\/div><div class=\"et_pb_module et_pb_button_module_wrapper et_pb_button_5_wrapper\"><a class=\"et_pb_button_5 et_pb_button et_pb_bg_layout_light et_animated et_pb_module et_block_module .ss_row_align_buttons\" href=\"https:\/\/klementiart.com\/en\/designs\/black-and-white\/\" data-icon=\"$\">view details<\/a><\/div><\/div><div class=\"et_pb_column_11 et_pb_column et_pb_column_1_4 et-last-child et_block_column et_pb_css_mix_blend_mode_passthrough et-zoom-in\"><div class=\"et_pb_image_4 et_pb_image et_pb_module et_block_module\"><a href=\"https:\/\/klementiart.com\/en\/designs\/everyday-ware\/\"><span class=\"et_pb_image_wrap\"><img decoding=\"async\" src=\"https:\/\/klementiart.com\/wp-content\/uploads\/2024\/02\/20240123-P1230001-4-5-1350-510x408.webp\" title=\"20240123-P1230001 4-5 1350\" alt=\"Lidded jars from red clay and buff speckled glaze\" \/><\/span><\/a><\/div><div class=\"et_pb_text_16 et_pb_text et_pb_bg_layout_dark et_animated et_pb_module et_block_module et_pb_text_align_center\"><div class=\"et_pb_text_inner\"><h3>Everyday<\/h3>\n<p>You come home, make tea, sit in the armchair, and catch your breath...<\/p>\n<p>Here are cups, bowls and other simple dishes that give everyday life a calm, clean, modest, and rustic feel.<\/p>\n<p>Made from different colored stoneware where mainly inside of the ware is glazed so that the clay itself would be brought out.<\/p>\n<h3><a href=\"#\"><\/a><\/h3>\n<\/div><\/div><div class=\"et_pb_module et_pb_button_module_wrapper et_pb_button_6_wrapper\"><a class=\"et_pb_button_6 et_pb_button et_pb_bg_layout_light et_animated et_pb_module et_block_module\" href=\"https:\/\/klementiart.com\/en\/designs\/everyday-ware\/\" data-icon=\"$\">view details<\/a><\/div><\/div><\/div><\/div>\n\n<div class=\"et_pb_section_4 et_pb_section et_section_regular et_block_section\"><div class=\"et_pb_row_4 et_pb_row et_block_row\"><div class=\"et_pb_column_12 et_pb_column et_pb_column_4_4 et-last-child et_block_column et_pb_css_mix_blend_mode_passthrough\"><div class=\"et_pb_text_17 et_pb_text et_pb_bg_layout_light et_pb_module et_block_module\"><div class=\"et_pb_text_inner\"><h2>LATEST BLOG WRITINGS<\/h2>\n<\/div><\/div><div class=\"et_pb_divider_6 et_pb_divider et_pb_space et_pb_divider_position_center et_animated et_pb_module\"><div class=\"et_pb_divider_internal\"><\/div><\/div><div class=\"et_pb_blog_0 et_pb_blog et_pb_bg_layout_light et_pb_posts et_pb_module\"><div class=\"et_pb_ajax_pagination_container\"><div class=\"et_pb_posts et_grid_module\"><article class=\"et_pb_post et_pb_post_id_987489732 clearfix et_pb_has_overlay et_pb_blog_item_0_0 post-987489732 post type-post status-publish format-standard has-post-thumbnail hentry category-peegeldused\"><div class=\"et_pb_image_container\"><a href=\"https:\/\/klementiart.com\/et\/peegeldused\/uus-elu-katkistele-noudele\/\" class=\"entry-featured-image-url\"><img loading=\"lazy\" decoding=\"async\" src=\"https:\/\/klementiart.com\/wp-content\/uploads\/2025\/12\/2025-12-05-Kintsugi-PC050008.webp\" width=\"400\" height=\"284\" alt=\"Uus elu katkistele n\u00f5udele\" class=\"\" srcset=\"https:\/\/klementiart.com\/wp-content\/uploads\/2025\/12\/2025-12-05-Kintsugi-PC050008.webp 479w, https:\/\/klementiart.com\/wp-content\/uploads\/2025\/12\/2025-12-05-Kintsugi-PC050008-400x284.webp 480w\" sizes=\"(max-width:479px) 479px, 100vw\" \/><span data-icon=\"T\" class=\"et_overlay et_pb_inline_icon\"><\/span><\/a><\/div><h2 class=\"entry-title\"><a href=\"https:\/\/klementiart.com\/et\/peegeldused\/uus-elu-katkistele-noudele\/\">Uus elu katkistele n\u00f5udele<\/a><\/h2><p class=\"post-meta\"><span class=\"published\">dets. 5, 2025<\/span> | <span class=\"entry-categories\"><a href=\"https:\/\/klementiart.com\/et\/teema\/peegeldused\/\" rel=\"tag\">Peegeldused<\/a><\/span><\/p><div class=\"post-content\"><div class=\"post-content-inner\"><p>Miski siin maistest asjadest ei ole t\u00e4iuslik ja miski ei ole p\u00fcsiv. See sai on parandatud t\u00e4nap\u00e4eva Kintsugi tehnikas.  <\/p>\n<\/div><a href=\"https:\/\/klementiart.com\/et\/peegeldused\/uus-elu-katkistele-noudele\/\" class=\"more-link\">read more...<\/a><\/div><\/article><article class=\"et_pb_post et_pb_post_id_987489686 clearfix et_pb_has_overlay et_pb_blog_item_0_1 post-987489686 post type-post status-publish format-standard has-post-thumbnail hentry category-lambivalguses\"><div class=\"et_pb_image_container\"><a href=\"https:\/\/klementiart.com\/et\/lambivalguses\/pannkoogitirin\/\" class=\"entry-featured-image-url\"><img loading=\"lazy\" decoding=\"async\" src=\"https:\/\/klementiart.com\/wp-content\/uploads\/2025\/01\/2024-12-21-PANNKOOGI-TIRIN-PC210046.webp\" width=\"400\" height=\"284\" alt=\"Pannkoogitirin\" class=\"\" srcset=\"https:\/\/klementiart.com\/wp-content\/uploads\/2025\/01\/2024-12-21-PANNKOOGI-TIRIN-PC210046.webp 479w, https:\/\/klementiart.com\/wp-content\/uploads\/2025\/01\/2024-12-21-PANNKOOGI-TIRIN-PC210046-400x284.webp 480w\" sizes=\"(max-width:479px) 479px, 100vw\" \/><span data-icon=\"T\" class=\"et_overlay et_pb_inline_icon\"><\/span><\/a><\/div><h2 class=\"entry-title\"><a href=\"https:\/\/klementiart.com\/et\/lambivalguses\/pannkoogitirin\/\">Pannkoogitirin<\/a><\/h2><p class=\"post-meta\"><span class=\"published\">jaan. 28, 2025<\/span> | <span class=\"entry-categories\"><a href=\"https:\/\/klementiart.com\/et\/teema\/lambivalguses\/\" rel=\"tag\">Lambivalguses<\/a><\/span><\/p><div class=\"post-content\"><div class=\"post-content-inner\"><p>Napilt enne j\u00f5ule sain sellise toreda ettepaneku, et kas ma teeksin veel J\u00f5uludeks \u00fche pannkoogitirina. Aga loomulikult, v\u00e4ga tore m\u00f5te! Eee, a mis see on?  <\/p>\n<\/div><a href=\"https:\/\/klementiart.com\/et\/lambivalguses\/pannkoogitirin\/\" class=\"more-link\">read more...<\/a><\/div><\/article><article class=\"et_pb_post et_pb_post_id_987489525 clearfix et_pb_has_overlay et_pb_blog_item_0_2 post-987489525 post type-post status-publish format-standard has-post-thumbnail hentry category-lambivalguses\"><div class=\"et_pb_image_container\"><a href=\"https:\/\/klementiart.com\/et\/lambivalguses\/monotrykk-savil\/\" class=\"entry-featured-image-url\"><img loading=\"lazy\" decoding=\"async\" src=\"https:\/\/klementiart.com\/wp-content\/uploads\/2024\/12\/2024-12-03-Saviplaadid-PC030035.webp\" width=\"400\" height=\"284\" alt=\"Monotr\u00fckk savil\" class=\"\" srcset=\"https:\/\/klementiart.com\/wp-content\/uploads\/2024\/12\/2024-12-03-Saviplaadid-PC030035.webp 479w, https:\/\/klementiart.com\/wp-content\/uploads\/2024\/12\/2024-12-03-Saviplaadid-PC030035-400x284.webp 480w\" sizes=\"(max-width:479px) 479px, 100vw\" \/><span data-icon=\"T\" class=\"et_overlay et_pb_inline_icon\"><\/span><\/a><\/div><h2 class=\"entry-title\"><a href=\"https:\/\/klementiart.com\/et\/lambivalguses\/monotrykk-savil\/\">Monotr\u00fckk savil<\/a><\/h2><p class=\"post-meta\"><span class=\"published\">dets. 4, 2024<\/span> | <span class=\"entry-categories\"><a href=\"https:\/\/klementiart.com\/et\/teema\/lambivalguses\/\" rel=\"tag\">Lambivalguses<\/a><\/span><\/p><div class=\"post-content\"><div class=\"post-content-inner\"><p>Musta savisse pressitud h\u00f5lmikpuu lehed ja ka \u00fcks haava leht. V\u00e4rvitud valge angoobiga ja p\u00f5letatud 1240 kraadini.  <\/p>\n<\/div><a href=\"https:\/\/klementiart.com\/et\/lambivalguses\/monotrykk-savil\/\" class=\"more-link\">read more...<\/a><\/div><\/article><\/div><\/div><\/div><div class=\"et_pb_module et_pb_button_module_wrapper et_pb_button_7_wrapper\"><a class=\"et_pb_button_7 et_pb_button et_pb_bg_layout_light et_animated et_pb_module et_block_module\" href=\"https:\/\/klementiart.com\/en\/blog\/\" data-icon=\"$\">Read the blog<\/a><\/div><\/div><\/div><\/div>","protected":false},"excerpt":{"rendered":"<p>Ma loon k\u00e4sit\u00f6\u00f6 keramikat oma tillukeses kodustuudios. Minu jaoks kunst ei ole ainult loomingulisus, vaid ka oskus ja osavus seda valmistada kus iga v\u00e4iksemgi detail omab eesm\u00e4rki ja t\u00e4hendust<\/p>\n","protected":false},"author":2,"featured_media":1007,"parent":0,"menu_order":0,"comment_status":"closed","ping_status":"closed","template":"","meta":{"footnotes":""},"class_list":["post-987489569","page","type-page","status-publish","has-post-thumbnail","hentry"],"_links":{"self":[{"href":"https:\/\/klementiart.com\/et\/wp-json\/wp\/v2\/pages\/987489569","targetHints":{"allow":["GET"]}}],"collection":[{"href":"https:\/\/klementiart.com\/et\/wp-json\/wp\/v2\/pages"}],"about":[{"href":"https:\/\/klementiart.com\/et\/wp-json\/wp\/v2\/types\/page"}],"author":[{"embeddable":true,"href":"https:\/\/klementiart.com\/et\/wp-json\/wp\/v2\/users\/2"}],"replies":[{"embeddable":true,"href":"https:\/\/klementiart.com\/et\/wp-json\/wp\/v2\/comments?post=987489569"}],"version-history":[{"count":18,"href":"https:\/\/klementiart.com\/et\/wp-json\/wp\/v2\/pages\/987489569\/revisions"}],"predecessor-version":[{"id":987490084,"href":"https:\/\/klementiart.com\/et\/wp-json\/wp\/v2\/pages\/987489569\/revisions\/987490084"}],"wp:featuredmedia":[{"embeddable":true,"href":"https:\/\/klementiart.com\/et\/wp-json\/wp\/v2\/media\/1007"}],"wp:attachment":[{"href":"https:\/\/klementiart.com\/et\/wp-json\/wp\/v2\/media?parent=987489569"}],"curies":[{"name":"wp","href":"https:\/\/api.w.org\/{rel}","templated":true}]}}