{"id":987489091,"date":"2022-11-03T17:19:33","date_gmt":"2022-11-03T15:19:33","guid":{"rendered":"https:\/\/klementiart.com\/disain\/kollektsioon-keskoo-varjud\/"},"modified":"2026-04-13T20:51:27","modified_gmt":"2026-04-13T17:51:27","slug":"must-valge","status":"publish","type":"page","link":"https:\/\/klementiart.com\/et\/disain\/must-valge\/","title":{"rendered":"Must-valge"},"content":{"rendered":"\n<div class=\"et_pb_section_0 et_pb_section et_section_regular et_block_section\"><div class=\"et_pb_row_0 et_pb_row et_block_row\"><div class=\"et_pb_column_0 et_pb_column et_pb_column_2_3 et_block_column et_pb_css_mix_blend_mode_passthrough\"><div class=\"et_pb_text_0 et_pb_text et_pb_bg_layout_dark et_animated et_pb_module et_block_module\"><div class=\"et_pb_text_inner\"><h1>Must-valge<\/h1>\n<\/div><\/div><div class=\"et_pb_divider_0 et_pb_divider et_pb_space et_pb_divider_position_center et_animated et_pb_module\"><div class=\"et_pb_divider_internal\"><\/div><\/div><div class=\"et_pb_text_1 et_pb_text et_pb_bg_layout_dark et_animated et_pb_module et_block_module\"><div class=\"et_pb_text_inner\"><p>Varjud peidavad v\u00e4rvid ja loovad valguse ja varjude m\u00e4ngumaa.<\/p>\n<p>Valmistatud mustast Hispaania savist, lisatud pisut kontrasti valge glasuuriga, v\u00f5i j\u00e4etud glasuurimata, et esitleda puhast naturaalset savi ning austada seda iidset materjali.<\/p>\n<\/div><\/div><\/div><div class=\"et_pb_column_1 et_pb_column et_pb_column_1_3 et-last-child et_block_column et_pb_column_empty et_pb_css_mix_blend_mode_passthrough\"><\/div><\/div><\/div><div class=\"et_pb_section_1 et_pb_section et_section_regular et_block_section\"><div class=\"et_pb_row_1 et_pb_row et_block_row\"><div class=\"et_pb_column_2 et_pb_column et_pb_column_4_4 et-last-child et_block_column et_pb_css_mix_blend_mode_passthrough\"><div class=\"et_pb_text_2 et_pb_text et_pb_bg_layout_light et_pb_module et_block_module\"><div class=\"et_pb_text_inner\"><h2 style=\"text-align: center;\">Lihtsalt must v\u00f5i valge mustal taustal<\/h2>\n<\/div><\/div><div class=\"et_pb_divider_1 et_pb_divider et_pb_space et_pb_divider_position_center et_animated et_pb_module\"><div class=\"et_pb_divider_internal\"><\/div><\/div><\/div><\/div><div class=\"et_pb_row_2 et_pb_row et_block_row\"><div class=\"et_pb_column_3 et_pb_column et_pb_column_1_2 et_block_column et_pb_css_mix_blend_mode_passthrough\"><div class=\"et_pb_text_3 et_pb_text et_pb_bg_layout_light et_pb_module et_block_module\"><div class=\"et_pb_text_inner\"><p>Vahest oma stiililt ja olemuselt k\u00f5ige lihtsam ja \u201cigavam\u201d kollektsioon, kuid see s\u00f5ltub isiklikest eelistustest ja maitsest.  Selles kollektsioonis ei ole v\u00e4rvi, siin on varjude m\u00e4ng - lihtsalt mustad, valged ja hallid toonid. Aegajalt toob valge glasuur v\u00e4lja ka pruunika tooni kohtadesse, kus glasuuri on saanud v\u00e4ga v\u00e4he, enamasti j\u00e4\u00e4b siiski l\u00e4bi kumama tume savitoon, luues toone, mis meenutavad varahommikust p\u00e4ikeset\u00f5usueelset udu.<\/p>\n<p>Hispaania mustas savis on v\u00e4ga palju imepeenikest \u0161amotti. Kui seda savi valmistamisel korralikult poleerida j\u00e4tab ta valmis n\u00f5ul siidiselt pehme ja sooja tunde. V\u00e4rvi poolestki ei ole see mitte k\u00fclma, vaid sooja tooniga must savi, olles olemuselt rahulik ja vaikne.<\/p>\n<p>&nbsp;<\/p>\n<\/div><\/div><\/div><div class=\"et_pb_column_4 et_pb_column et_pb_column_1_2 et-last-child et_block_column et_pb_css_mix_blend_mode_passthrough\"><div class=\"et_pb_image_0 et_pb_image et_pb_module et_block_module\"><span class=\"et_pb_image_wrap\"><img data-dominant-color=\"918a81\" data-has-transparency=\"false\" style=\"--dominant-color: #918a81;\" loading=\"lazy\" decoding=\"async\" src=\"https:\/\/klementiart.com\/wp-content\/uploads\/2023\/12\/20230927-P9270004-3-4-1350_-jpg.webp\" width=\"1350\" height=\"1013\" srcset=\"https:\/\/klementiart.com\/wp-content\/uploads\/2023\/12\/20230927-P9270004-3-4-1350_-jpg.webp 1350w, https:\/\/klementiart.com\/wp-content\/uploads\/2023\/12\/20230927-P9270004-3-4-1350_-1280x960.webp 1280w, https:\/\/klementiart.com\/wp-content\/uploads\/2023\/12\/20230927-P9270004-3-4-1350_-980x735.webp 980w, https:\/\/klementiart.com\/wp-content\/uploads\/2023\/12\/20230927-P9270004-3-4-1350_-480x360.webp 480w\" sizes=\"(min-width: 0px) and (max-width: 480px) 480px, (min-width: 481px) and (max-width: 980px) 980px, (min-width: 981px) and (max-width: 1280px) 1280px, (min-width: 1281px) 1350px, 100vw\" class=\"wp-image-987488424 not-transparent\" title=\"20230927-P9270004 3-4 1350_\" alt=\"J\u00e4\u00e4kraklee glasuuriga anum\" \/><\/span><\/div><\/div><\/div><div class=\"et_pb_row_3 et_pb_row et_block_row\"><div class=\"et_pb_column_5 et_pb_column et_pb_column_1_2 et_block_column et_pb_css_mix_blend_mode_passthrough\"><div class=\"et_pb_image_1 et_pb_image et_pb_module et_block_module\"><span class=\"et_pb_image_wrap\"><img decoding=\"async\" src=\"https:\/\/klementiart.com\/wp-content\/uploads\/2023\/12\/20231009-PA090042-3-4-1350_-1080x810.webp\" title=\"20231009-PA090042 3-4 1350_\" \/><\/span><\/div><\/div><div class=\"et_pb_column_6 et_pb_column et_pb_column_1_2 et-last-child et_block_column et_pb_css_mix_blend_mode_passthrough\"><div class=\"et_pb_text_4 et_pb_text et_pb_bg_layout_light et_pb_module et_block_module\"><div class=\"et_pb_text_inner\"><p>Glasuuritud ja glasuurimata alade kombineerimine on kujunenud minu k\u00e4ekirjaks. Kogu anuma \u00fcleni glasuurimine oleks nagu liiga igav ja samas ka lugupidamatu selle iidse materjali vastu Glasuurimata pinnad on minu viis avaldamaks sellele iidsele materjalile austust ning v\u00f5imaldades temast paremini osa saada.<\/p>\n<p>Varieerin siin musta ja valge kontrastiga ning tagasihoidlike tekstuuridega, mis on lisatud glasuurimata savile, et rikastada v\u00e4ljan\u00e4gemist ja tunnetust.<\/p>\n<p>Loodan selle kollektsiooniga luua rahulikkust ja vaikust, millist v\u00f5id leida vaid kesk\u00f6istelt metsaradadelt.<\/p>\n<\/div><\/div><\/div><\/div><\/div><div class=\"et_pb_section_2 et_pb_section et_section_regular et_block_section\"><div class=\"et_pb_row_4 et_pb_row et_block_row\"><div class=\"et_pb_column_7 et_pb_column et_pb_column_4_4 et-last-child et_block_column et_pb_css_mix_blend_mode_passthrough\"><div class=\"et_pb_text_5 et_pb_text et_pb_bg_layout_light et_animated et_pb_module et_block_module\"><div class=\"et_pb_text_inner\"><h2>Galerii<\/h2>\n<\/div><\/div><div class=\"et_pb_divider_2 et_pb_divider et_pb_space et_pb_divider_position_center et_animated et_pb_module\"><div class=\"et_pb_divider_internal\"><\/div><\/div><\/div><\/div><div class=\"et_pb_row_5 et_pb_row et_pb_equal_columns et_pb_gutters1 et_block_row\"><div class=\"et_pb_column_8 et_pb_column et_pb_column_4_4 et-last-child et_block_column et_pb_css_mix_blend_mode_passthrough\"><div class=\"et_pb_gallery_0 et_pb_gallery et_pb_bg_layout_light et_pb_gallery_grid et_pb_module\" data-auto-rotate=\"off\" data-auto-rotate-speed=\"\"><div class=\"et_pb_gallery_items et_post_gallery clearfix et_grid_module\" data-per_page=\"20\"><div class=\"et_pb_gallery_item et_pb_grid_item et_pb_gallery_item_0_0\"><div class=\"et_pb_gallery_image landscape\" data-per_page=\"20\"><a href=\"https:\/\/klementiart.com\/wp-content\/uploads\/2022\/11\/5-4-1350-20221127-SB270059-jpg.webp\" title=\"5-4-1350-20221127-SB270059\"><img loading=\"lazy\" decoding=\"async\" width=\"400\" height=\"284\" src=\"https:\/\/klementiart.com\/wp-content\/uploads\/2022\/11\/5-4-1350-20221127-SB270059-400x284.webp\" alt=\"Closeup look at the black stoneware lidded jar with a white chattered and tree trunk texture\" class=\"wp-image-2423\" srcset=\"https:\/\/klementiart.com\/wp-content\/uploads\/2022\/11\/5-4-1350-20221127-SB270059-jpg.webp 479w, https:\/\/klementiart.com\/wp-content\/uploads\/2022\/11\/5-4-1350-20221127-SB270059-400x284.webp 480w\" sizes=\"(max-width:479px) 479px, 100vw\" \/><span class=\"et_overlay\" data-icon=\"\" data-icon-tablet=\"\" data-icon-phone=\"\"><\/span><\/a><\/div><\/div><div class=\"et_pb_gallery_item et_pb_grid_item et_pb_gallery_item_0_1\"><div class=\"et_pb_gallery_image landscape\" data-per_page=\"20\"><a href=\"https:\/\/klementiart.com\/wp-content\/uploads\/2023\/02\/20221201-PC010145-4-5-1350-jpg.webp\" title=\"20221201-PC010145 4-5 1350\"><img loading=\"lazy\" decoding=\"async\" width=\"400\" height=\"284\" src=\"https:\/\/klementiart.com\/wp-content\/uploads\/2023\/02\/20221201-PC010145-4-5-1350-400x284.webp\" alt=\"Black stoneware vase with white trails\" class=\"wp-image-3487\" srcset=\"https:\/\/klementiart.com\/wp-content\/uploads\/2023\/02\/20221201-PC010145-4-5-1350-jpg.webp 479w, https:\/\/klementiart.com\/wp-content\/uploads\/2023\/02\/20221201-PC010145-4-5-1350-400x284.webp 480w\" sizes=\"(max-width:479px) 479px, 100vw\" \/><span class=\"et_overlay\" data-icon=\"\" data-icon-tablet=\"\" data-icon-phone=\"\"><\/span><\/a><\/div><\/div><div class=\"et_pb_gallery_item et_pb_grid_item et_pb_gallery_item_0_2\"><div class=\"et_pb_gallery_image landscape\" data-per_page=\"20\"><a href=\"https:\/\/klementiart.com\/wp-content\/uploads\/2022\/11\/4-5-1350-20221128-PB280022-jpg.webp\" title=\"4-5-1350-20221128-PB280022\"><img loading=\"lazy\" decoding=\"async\" width=\"400\" height=\"284\" src=\"https:\/\/klementiart.com\/wp-content\/uploads\/2022\/11\/4-5-1350-20221128-PB280022-400x284.webp\" alt=\"Black stoneware medium bowls with white glaze and white chattered texture\" class=\"wp-image-2435\" srcset=\"https:\/\/klementiart.com\/wp-content\/uploads\/2022\/11\/4-5-1350-20221128-PB280022-jpg.webp 479w, https:\/\/klementiart.com\/wp-content\/uploads\/2022\/11\/4-5-1350-20221128-PB280022-400x284.webp 480w\" sizes=\"(max-width:479px) 479px, 100vw\" \/><span class=\"et_overlay\" data-icon=\"\" data-icon-tablet=\"\" data-icon-phone=\"\"><\/span><\/a><\/div><\/div><div class=\"et_pb_gallery_item et_pb_grid_item et_pb_gallery_item_0_3\"><div class=\"et_pb_gallery_image landscape\" data-per_page=\"20\"><a href=\"https:\/\/klementiart.com\/wp-content\/uploads\/2023\/02\/20221201-PC010138-4-5-1350-jpg.webp\" title=\"20221201-PC010138 4-5 1350\"><img loading=\"lazy\" decoding=\"async\" width=\"400\" height=\"284\" src=\"https:\/\/klementiart.com\/wp-content\/uploads\/2023\/02\/20221201-PC010138-4-5-1350-400x284.webp\" alt=\"Black stoneware vases with white contrasting decoration\" class=\"wp-image-3485\" srcset=\"https:\/\/klementiart.com\/wp-content\/uploads\/2023\/02\/20221201-PC010138-4-5-1350-jpg.webp 479w, https:\/\/klementiart.com\/wp-content\/uploads\/2023\/02\/20221201-PC010138-4-5-1350-400x284.webp 480w\" sizes=\"(max-width:479px) 479px, 100vw\" \/><span class=\"et_overlay\" data-icon=\"\" data-icon-tablet=\"\" data-icon-phone=\"\"><\/span><\/a><\/div><\/div><div class=\"et_pb_gallery_item et_pb_grid_item et_pb_gallery_item_0_4\"><div class=\"et_pb_gallery_image landscape\" data-per_page=\"20\"><a href=\"https:\/\/klementiart.com\/wp-content\/uploads\/2023\/02\/20221201-PC010121-4-5-1350-jpg.webp\" title=\"20221201-PC010121 4-5 1350\"><img loading=\"lazy\" decoding=\"async\" width=\"400\" height=\"284\" src=\"https:\/\/klementiart.com\/wp-content\/uploads\/2023\/02\/20221201-PC010121-4-5-1350-400x284.webp\" alt=\"Black stoneware vase with white decoration\" class=\"wp-image-3479\" srcset=\"https:\/\/klementiart.com\/wp-content\/uploads\/2023\/02\/20221201-PC010121-4-5-1350-jpg.webp 479w, https:\/\/klementiart.com\/wp-content\/uploads\/2023\/02\/20221201-PC010121-4-5-1350-400x284.webp 480w\" sizes=\"(max-width:479px) 479px, 100vw\" \/><span class=\"et_overlay\" data-icon=\"\" data-icon-tablet=\"\" data-icon-phone=\"\"><\/span><\/a><\/div><\/div><div class=\"et_pb_gallery_item et_pb_grid_item et_pb_gallery_item_0_5\"><div class=\"et_pb_gallery_image landscape\" data-per_page=\"20\"><a href=\"https:\/\/klementiart.com\/wp-content\/uploads\/2022\/11\/4-5-1350-20221128-PB280038-jpg.webp\" title=\"4-5-1350-20221128-PB280038\"><img loading=\"lazy\" decoding=\"async\" width=\"400\" height=\"284\" src=\"https:\/\/klementiart.com\/wp-content\/uploads\/2022\/11\/4-5-1350-20221128-PB280038-400x284.webp\" alt=\"Black stoneware teapot and a tea bowl\" class=\"wp-image-2443\" srcset=\"https:\/\/klementiart.com\/wp-content\/uploads\/2022\/11\/4-5-1350-20221128-PB280038-jpg.webp 479w, https:\/\/klementiart.com\/wp-content\/uploads\/2022\/11\/4-5-1350-20221128-PB280038-400x284.webp 480w\" sizes=\"(max-width:479px) 479px, 100vw\" \/><span class=\"et_overlay\" data-icon=\"\" data-icon-tablet=\"\" data-icon-phone=\"\"><\/span><\/a><\/div><\/div><div class=\"et_pb_gallery_item et_pb_grid_item et_pb_gallery_item_0_6\"><div class=\"et_pb_gallery_image landscape\" data-per_page=\"20\"><a href=\"https:\/\/klementiart.com\/wp-content\/uploads\/2022\/11\/4-5-1350-20221128-PB280017-jpg.webp\" title=\"4-5-1350-20221128-PB280017\"><img loading=\"lazy\" decoding=\"async\" width=\"400\" height=\"284\" src=\"https:\/\/klementiart.com\/wp-content\/uploads\/2022\/11\/4-5-1350-20221128-PB280017-400x284.webp\" alt=\"Storage jars from black stoneware, unglazed from outside\" class=\"wp-image-2433\" srcset=\"https:\/\/klementiart.com\/wp-content\/uploads\/2022\/11\/4-5-1350-20221128-PB280017-jpg.webp 479w, https:\/\/klementiart.com\/wp-content\/uploads\/2022\/11\/4-5-1350-20221128-PB280017-400x284.webp 480w\" sizes=\"(max-width:479px) 479px, 100vw\" \/><span class=\"et_overlay\" data-icon=\"\" data-icon-tablet=\"\" data-icon-phone=\"\"><\/span><\/a><\/div><\/div><div class=\"et_pb_gallery_item et_pb_grid_item et_pb_gallery_item_0_7\"><div class=\"et_pb_gallery_image landscape\" data-per_page=\"20\"><a href=\"https:\/\/klementiart.com\/wp-content\/uploads\/2022\/11\/4-5-1350-20221128-PB280037-jpg.webp\" title=\"4-5-1350-20221128-PB280037\"><img loading=\"lazy\" decoding=\"async\" width=\"400\" height=\"284\" src=\"https:\/\/klementiart.com\/wp-content\/uploads\/2022\/11\/4-5-1350-20221128-PB280037-400x284.webp\" alt=\"Black stoneware teapot, a tea bowl and storage jar\" class=\"wp-image-2441\" srcset=\"https:\/\/klementiart.com\/wp-content\/uploads\/2022\/11\/4-5-1350-20221128-PB280037-jpg.webp 479w, https:\/\/klementiart.com\/wp-content\/uploads\/2022\/11\/4-5-1350-20221128-PB280037-400x284.webp 480w\" sizes=\"(max-width:479px) 479px, 100vw\" \/><span class=\"et_overlay\" data-icon=\"\" data-icon-tablet=\"\" data-icon-phone=\"\"><\/span><\/a><\/div><\/div><div class=\"et_pb_gallery_item et_pb_grid_item et_pb_gallery_item_0_8\"><div class=\"et_pb_gallery_image landscape\" data-per_page=\"20\"><a href=\"https:\/\/klementiart.com\/wp-content\/uploads\/2022\/11\/4-5-1350-20221127-SB270085-jpg.webp\" title=\"4-5-1350-20221127-SB270085\"><img loading=\"lazy\" decoding=\"async\" width=\"400\" height=\"284\" src=\"https:\/\/klementiart.com\/wp-content\/uploads\/2022\/11\/4-5-1350-20221127-SB270085-400x284.webp\" alt=\"\" class=\"wp-image-2425\" srcset=\"https:\/\/klementiart.com\/wp-content\/uploads\/2022\/11\/4-5-1350-20221127-SB270085-jpg.webp 479w, https:\/\/klementiart.com\/wp-content\/uploads\/2022\/11\/4-5-1350-20221127-SB270085-400x284.webp 480w\" sizes=\"(max-width:479px) 479px, 100vw\" \/><span class=\"et_overlay\" data-icon=\"\" data-icon-tablet=\"\" data-icon-phone=\"\"><\/span><\/a><\/div><\/div><div class=\"et_pb_gallery_item et_pb_grid_item et_pb_gallery_item_0_9\"><div class=\"et_pb_gallery_image landscape\" data-per_page=\"20\"><a href=\"https:\/\/klementiart.com\/wp-content\/uploads\/2022\/11\/4-5-1350-20221128-PB280004-jpg.webp\" title=\"4-5-1350-20221128-PB280004\"><img loading=\"lazy\" decoding=\"async\" width=\"400\" height=\"284\" src=\"https:\/\/klementiart.com\/wp-content\/uploads\/2022\/11\/4-5-1350-20221128-PB280004-400x284.webp\" alt=\"Storage jars from black stoneware and white chattered and treatrunk texture\" class=\"wp-image-2429\" srcset=\"https:\/\/klementiart.com\/wp-content\/uploads\/2022\/11\/4-5-1350-20221128-PB280004-jpg.webp 479w, https:\/\/klementiart.com\/wp-content\/uploads\/2022\/11\/4-5-1350-20221128-PB280004-400x284.webp 480w\" sizes=\"(max-width:479px) 479px, 100vw\" \/><span class=\"et_overlay\" data-icon=\"\" data-icon-tablet=\"\" data-icon-phone=\"\"><\/span><\/a><\/div><\/div><div class=\"et_pb_gallery_item et_pb_grid_item et_pb_gallery_item_0_10\"><div class=\"et_pb_gallery_image landscape\" data-per_page=\"20\"><a href=\"https:\/\/klementiart.com\/wp-content\/uploads\/2022\/11\/4-5-1350-20221128-PB280006-jpg.webp\" title=\"4-5-1350-20221128-PB280006\"><img loading=\"lazy\" decoding=\"async\" width=\"400\" height=\"284\" src=\"https:\/\/klementiart.com\/wp-content\/uploads\/2022\/11\/4-5-1350-20221128-PB280006-400x284.webp\" alt=\"Storage jars from black stoneware, unglazed from outside\" class=\"wp-image-2431\" srcset=\"https:\/\/klementiart.com\/wp-content\/uploads\/2022\/11\/4-5-1350-20221128-PB280006-jpg.webp 479w, https:\/\/klementiart.com\/wp-content\/uploads\/2022\/11\/4-5-1350-20221128-PB280006-400x284.webp 480w\" sizes=\"(max-width:479px) 479px, 100vw\" \/><span class=\"et_overlay\" data-icon=\"\" data-icon-tablet=\"\" data-icon-phone=\"\"><\/span><\/a><\/div><\/div><div class=\"et_pb_gallery_item et_pb_grid_item et_pb_gallery_item_0_11\"><div class=\"et_pb_gallery_image landscape\" data-per_page=\"20\"><a href=\"https:\/\/klementiart.com\/wp-content\/uploads\/2023\/02\/20221201-PC010131-4-5-1350-jpg.webp\" title=\"20221201-PC010131 4-5 1350\"><img loading=\"lazy\" decoding=\"async\" width=\"400\" height=\"284\" src=\"https:\/\/klementiart.com\/wp-content\/uploads\/2023\/02\/20221201-PC010131-4-5-1350-400x284.webp\" alt=\"Black stoneware vase with white decoration\" class=\"wp-image-3483\" srcset=\"https:\/\/klementiart.com\/wp-content\/uploads\/2023\/02\/20221201-PC010131-4-5-1350-jpg.webp 479w, https:\/\/klementiart.com\/wp-content\/uploads\/2023\/02\/20221201-PC010131-4-5-1350-400x284.webp 480w\" sizes=\"(max-width:479px) 479px, 100vw\" \/><span class=\"et_overlay\" data-icon=\"\" data-icon-tablet=\"\" data-icon-phone=\"\"><\/span><\/a><\/div><\/div><div class=\"et_pb_gallery_item et_pb_grid_item et_pb_gallery_item_0_12\"><div class=\"et_pb_gallery_image landscape\" data-per_page=\"20\"><a href=\"https:\/\/klementiart.com\/wp-content\/uploads\/2023\/02\/20221201-PC010127-4-5-1350-jpg.webp\" title=\"20221201-PC010127 4-5 1350\"><img loading=\"lazy\" decoding=\"async\" width=\"400\" height=\"284\" src=\"https:\/\/klementiart.com\/wp-content\/uploads\/2023\/02\/20221201-PC010127-4-5-1350-400x284.webp\" alt=\"Black stoneware vase with white decoration\" class=\"wp-image-3481\" srcset=\"https:\/\/klementiart.com\/wp-content\/uploads\/2023\/02\/20221201-PC010127-4-5-1350-jpg.webp 479w, https:\/\/klementiart.com\/wp-content\/uploads\/2023\/02\/20221201-PC010127-4-5-1350-400x284.webp 480w\" sizes=\"(max-width:479px) 479px, 100vw\" \/><span class=\"et_overlay\" data-icon=\"\" data-icon-tablet=\"\" data-icon-phone=\"\"><\/span><\/a><\/div><\/div><div class=\"et_pb_gallery_item et_pb_grid_item et_pb_gallery_item_0_13\"><div class=\"et_pb_gallery_image landscape\" data-per_page=\"20\"><a href=\"https:\/\/klementiart.com\/wp-content\/uploads\/2022\/11\/4-5-1350-20221128-PB280035-jpg.webp\" title=\"4-5-1350-20221128-PB280035\"><img loading=\"lazy\" decoding=\"async\" width=\"400\" height=\"284\" src=\"https:\/\/klementiart.com\/wp-content\/uploads\/2022\/11\/4-5-1350-20221128-PB280035-400x284.webp\" alt=\"Tea bowls from black stoneware with white glossy glaze \" class=\"wp-image-2439\" srcset=\"https:\/\/klementiart.com\/wp-content\/uploads\/2022\/11\/4-5-1350-20221128-PB280035-jpg.webp 479w, https:\/\/klementiart.com\/wp-content\/uploads\/2022\/11\/4-5-1350-20221128-PB280035-400x284.webp 480w\" sizes=\"(max-width:479px) 479px, 100vw\" \/><span class=\"et_overlay\" data-icon=\"\" data-icon-tablet=\"\" data-icon-phone=\"\"><\/span><\/a><\/div><\/div><div class=\"et_pb_gallery_item et_pb_grid_item et_pb_gallery_item_0_14\"><div class=\"et_pb_gallery_image landscape\" data-per_page=\"20\"><a href=\"https:\/\/klementiart.com\/wp-content\/uploads\/2022\/11\/4-5-1350-20221127-SB270111-jpg.webp\" title=\"4-5-1350-20221127-SB270111\"><img loading=\"lazy\" decoding=\"async\" width=\"400\" height=\"284\" src=\"https:\/\/klementiart.com\/wp-content\/uploads\/2022\/11\/4-5-1350-20221127-SB270111-400x284.webp\" alt=\"Bowls from back stoneware and white glaze\" class=\"wp-image-2427\" srcset=\"https:\/\/klementiart.com\/wp-content\/uploads\/2022\/11\/4-5-1350-20221127-SB270111-jpg.webp 479w, https:\/\/klementiart.com\/wp-content\/uploads\/2022\/11\/4-5-1350-20221127-SB270111-400x284.webp 480w\" sizes=\"(max-width:479px) 479px, 100vw\" \/><span class=\"et_overlay\" data-icon=\"\" data-icon-tablet=\"\" data-icon-phone=\"\"><\/span><\/a><\/div><\/div><div class=\"et_pb_gallery_item et_pb_grid_item et_pb_gallery_item_0_15\"><div class=\"et_pb_gallery_image landscape\" data-per_page=\"20\"><a href=\"https:\/\/klementiart.com\/wp-content\/uploads\/2022\/11\/4-5-1350-20221128-PB280023-jpg.webp\" title=\"4-5-1350-20221128-PB280023\"><img loading=\"lazy\" decoding=\"async\" width=\"400\" height=\"284\" src=\"https:\/\/klementiart.com\/wp-content\/uploads\/2022\/11\/4-5-1350-20221128-PB280023-400x284.webp\" alt=\"Black stoneware medium bowls with white glaze and white chattered texture\" class=\"wp-image-2437\" srcset=\"https:\/\/klementiart.com\/wp-content\/uploads\/2022\/11\/4-5-1350-20221128-PB280023-jpg.webp 479w, https:\/\/klementiart.com\/wp-content\/uploads\/2022\/11\/4-5-1350-20221128-PB280023-400x284.webp 480w\" sizes=\"(max-width:479px) 479px, 100vw\" \/><span class=\"et_overlay\" data-icon=\"\" data-icon-tablet=\"\" data-icon-phone=\"\"><\/span><\/a><\/div><\/div><\/div><\/div><div class=\"et_pb_divider_3 et_pb_divider et_pb_space et_pb_divider_position_center et_animated et_pb_module\"><div class=\"et_pb_divider_internal\"><\/div><\/div><\/div><\/div><\/div>\n","protected":false},"excerpt":{"rendered":"<p>Valmistatud mustast Hispaania savist, lisatud pisut kontrasti valge glasuuriga, v\u00f5i j\u00e4etud glasuurimata, et esitleda puhast naturaalset savi ning austada seda iidset materjali.<\/p>\n","protected":false},"author":2,"featured_media":2421,"parent":987488792,"menu_order":0,"comment_status":"closed","ping_status":"closed","template":"","meta":{"footnotes":""},"class_list":["post-987489091","page","type-page","status-publish","has-post-thumbnail","hentry"],"_links":{"self":[{"href":"https:\/\/klementiart.com\/et\/wp-json\/wp\/v2\/pages\/987489091","targetHints":{"allow":["GET"]}}],"collection":[{"href":"https:\/\/klementiart.com\/et\/wp-json\/wp\/v2\/pages"}],"about":[{"href":"https:\/\/klementiart.com\/et\/wp-json\/wp\/v2\/types\/page"}],"author":[{"embeddable":true,"href":"https:\/\/klementiart.com\/et\/wp-json\/wp\/v2\/users\/2"}],"replies":[{"embeddable":true,"href":"https:\/\/klementiart.com\/et\/wp-json\/wp\/v2\/comments?post=987489091"}],"version-history":[{"count":20,"href":"https:\/\/klementiart.com\/et\/wp-json\/wp\/v2\/pages\/987489091\/revisions"}],"predecessor-version":[{"id":987490065,"href":"https:\/\/klementiart.com\/et\/wp-json\/wp\/v2\/pages\/987489091\/revisions\/987490065"}],"up":[{"embeddable":true,"href":"https:\/\/klementiart.com\/et\/wp-json\/wp\/v2\/pages\/987488792"}],"wp:featuredmedia":[{"embeddable":true,"href":"https:\/\/klementiart.com\/et\/wp-json\/wp\/v2\/media\/2421"}],"wp:attachment":[{"href":"https:\/\/klementiart.com\/et\/wp-json\/wp\/v2\/media?parent=987489091"}],"curies":[{"name":"wp","href":"https:\/\/api.w.org\/{rel}","templated":true}]}}