{"id":987488792,"date":"2022-11-04T21:57:49","date_gmt":"2022-11-04T19:57:49","guid":{"rendered":"https:\/\/klementiart.com\/disain\/"},"modified":"2026-04-13T20:46:40","modified_gmt":"2026-04-13T17:46:40","slug":"disain","status":"publish","type":"page","link":"https:\/\/klementiart.com\/et\/disain\/","title":{"rendered":"Disain"},"content":{"rendered":"\n<div class=\"et_pb_section_0 et_pb_section et_section_regular et_block_section et_pb_section_parallax\"><span class=\"et-pb-parallax-wrapper\"><span class=\"et-pb-parallax-background et-pb-parallax-background-module--divi-section-0\" style=\"background-image:url(https:\/\/klementiart.com\/wp-content\/uploads\/2023\/11\/FocusStack-15.Rooste-focus-stacked-5-scaled.webp)\"><\/span><span class=\"et_parallax_gradient\" style=\"background-image:linear-gradient(120deg, rgba(0,0,0,0.9) 0%,rgba(0,0,0,0) 90% 100%)\"><\/span><\/span><div class=\"et_pb_row_0 et_pb_row et_block_row\"><div class=\"et_pb_column_0 et_pb_column et_pb_column_3_5 et_block_column et_pb_css_mix_blend_mode_passthrough\"><div class=\"et_pb_text_0 et_pb_text et_pb_bg_layout_dark et_animated et_pb_module et_block_module\"><div class=\"et_pb_text_inner\"><h1>Erinevad stiilid<\/h1>\n<\/div><\/div><div class=\"et_pb_divider_0 et_pb_divider et_pb_space et_pb_divider_position_center et_animated et_pb_module\"><div class=\"et_pb_divider_internal\"><\/div><\/div><div class=\"et_pb_text_1 et_pb_text et_pb_bg_layout_dark et_animated et_pb_module et_block_module\"><div class=\"et_pb_text_inner\"><p>Erineva v\u00e4limuse ja erineva tunnetusega keraamika stiilid.<br \/>J\u00e4isest tundest ja kuldsest kumast, soojast punasest v\u00f5i musta ja valge varjunditest.<\/p>\n<\/div><\/div><\/div><div class=\"et_pb_column_1 et_pb_column et_pb_column_2_5 et-last-child et_block_column et_pb_column_empty et_pb_css_mix_blend_mode_passthrough\"><\/div><\/div><\/div><div class=\"et_pb_section_1 et_pb_section et_section_regular et_block_section\"><div class=\"et_pb_row_1 et_pb_row et_block_row\"><div class=\"et_pb_column_2 et_pb_column et_pb_column_4_4 et-last-child et_block_column et_pb_css_mix_blend_mode_passthrough\"><div class=\"et_pb_text_2 et_pb_text et_pb_bg_layout_light et_animated et_pb_module et_block_module et_pb_text_align_center\"><div class=\"et_pb_text_inner\"><h2>J\u00e4\u00e4kraklee<\/h2>\n<\/div><\/div><div class=\"et_pb_divider_1 et_pb_divider et_pb_space et_pb_divider_position_center et_animated et_pb_module\"><div class=\"et_pb_divider_internal\"><\/div><\/div><\/div><\/div><div class=\"et_pb_row_2 et_pb_row et_block_row\"><div class=\"et_pb_column_3 et_pb_column et_pb_column_2_5 et_block_column et_pb_css_mix_blend_mode_passthrough\"><div class=\"et_pb_text_3 et_pb_text et_pb_bg_layout_light et_pb_module et_block_module\"><div class=\"et_pb_text_inner\"><p>Glasuur millel on mitmeid nimesid: J\u00e4\u00e4kraklee, kilpkonna selg, lumehelves ja mitmeid teisi.<\/p>\n<p>Minu peamine kollektsioon, kus iga ese on ainulaadne ning oma pragude mustriga.<\/p>\n<p>Oma iseloomuliku mustri saab see v\u00e4ga paksu kraklee glasuuri kihiga, kus praod tekivad mitte ainult vertikaalselt l\u00e4bi glasuuri vaid ka kihiliselt glasuuri sees, luues nii mustri mis meenutab pragunenud j\u00e4\u00e4d. Sellest ka tema nimi \u2013 J\u00e4\u00e4kraklee. <\/p>\n<p>&nbsp;<\/p>\n<\/div><\/div><div class=\"et_pb_module et_pb_button_module_wrapper et_pb_button_0_wrapper\"><a class=\"et_pb_button_0 et_pb_button et_pb_bg_layout_light et_animated et_pb_module et_block_module\" href=\"https:\/\/klementiart.com\/en\/designs\/ice-cracle-glaze\/\" data-icon=\"$\">Uuri l\u00e4hemalt<\/a><\/div><\/div><div class=\"et_pb_column_4 et_pb_column et_pb_column_3_5 et-last-child et_block_column et_pb_css_mix_blend_mode_passthrough\"><div class=\"et_pb_image_0 et_pb_image et_pb_module et_block_module\"><span class=\"et_pb_image_wrap\"><img data-dominant-color=\"71a0a8\" data-has-transparency=\"false\" style=\"--dominant-color: #71a0a8;\" loading=\"lazy\" decoding=\"async\" src=\"https:\/\/klementiart.com\/wp-content\/uploads\/2023\/11\/focus-stack-6.-IceCrackle-stakced-1080x808.webp\" width=\"1080\" height=\"808\" srcset=\"https:\/\/klementiart.com\/wp-content\/uploads\/2023\/11\/focus-stack-6.-IceCrackle-stakced-1080x808.webp 1080w, https:\/\/klementiart.com\/wp-content\/uploads\/2023\/11\/focus-stack-6.-IceCrackle-stakced-510x382.webp 510w, https:\/\/klementiart.com\/wp-content\/uploads\/2023\/11\/focus-stack-6.-IceCrackle-stakced-320x240.webp 320w, https:\/\/klementiart.com\/wp-content\/uploads\/2023\/11\/focus-stack-6.-IceCrackle-stakced-768x575.webp 768w, https:\/\/klementiart.com\/wp-content\/uploads\/2023\/11\/focus-stack-6.-IceCrackle-stakced-1536x1150.webp 1536w, https:\/\/klementiart.com\/wp-content\/uploads\/2023\/11\/focus-stack-6.-IceCrackle-stakced-2048x1533.webp 2048w, https:\/\/klementiart.com\/wp-content\/uploads\/2023\/11\/focus-stack-6.-IceCrackle-stakced-1280x958.webp 1280w, https:\/\/klementiart.com\/wp-content\/uploads\/2023\/11\/focus-stack-6.-IceCrackle-stakced-980x733.webp 980w, https:\/\/klementiart.com\/wp-content\/uploads\/2023\/11\/focus-stack-6.-IceCrackle-stakced-480x359.webp 480w\" sizes=\"(max-width: 1080px) 100vw, 1080px\" class=\"wp-image-3851 not-transparent\" title=\"Ice Crackle glasuuri l\u00e4hivaade\" alt=\"Ice Crackle glasuuri l\u00e4hivaade\" \/><\/span><\/div><\/div><\/div><\/div><div class=\"et_pb_section_2 et_pb_section et_section_regular et_block_section\"><div class=\"et_pb_row_3 et_pb_row et_block_row\"><div class=\"et_pb_column_5 et_pb_column et_pb_column_4_4 et-last-child et_block_column et_pb_css_mix_blend_mode_passthrough\"><div class=\"et_pb_text_4 et_pb_text et_pb_bg_layout_light et_animated et_pb_module et_block_module\"><div class=\"et_pb_text_inner\"><h2>T\u00e4hetolm<\/h2>\n<\/div><\/div><div class=\"et_pb_divider_2 et_pb_divider et_pb_space et_pb_divider_position_center et_animated et_pb_module\"><div class=\"et_pb_divider_internal\"><\/div><\/div><\/div><\/div><div class=\"et_pb_row_4 et_pb_row et_block_row\"><div class=\"et_pb_column_6 et_pb_column et_pb_column_3_5 et_block_column et_pb_css_mix_blend_mode_passthrough\"><div class=\"et_pb_image_1 et_pb_image et_pb_module et_block_module\"><span class=\"et_pb_image_wrap\"><img decoding=\"async\" src=\"https:\/\/klementiart.com\/wp-content\/uploads\/2023\/02\/20230218-P2180145-4-5-1350-2-1080x864.webp\" title=\"Tea-Dust glasuuri mikrokristall struktuur\" alt=\"Tea-Dust glasuuri mikrokristall struktuur\" \/><\/span><\/div><\/div><div class=\"et_pb_column_7 et_pb_column et_pb_column_2_5 et-last-child et_block_column et_pb_css_mix_blend_mode_passthrough\"><div class=\"et_pb_text_5 et_pb_text et_pb_bg_layout_dark et_animated et_pb_module et_block_module\"><div class=\"et_pb_text_inner\"><p>Kui k\u00f5ik tingimused p\u00f5letuse k\u00e4igus on t\u00e4ietud siis moodustab see glasuur oma pinnale kaunid kuldsed mikrokristallid. M\u00f5nikord need katavad kogu pinna kuldse kumaga, teinekord luues vaid m\u00f5ned kuldsed s\u00e4demed nagu t\u00e4hed.<\/p>\n<p>Glasuur mida algselt nimetati ka \u201cTea-Dust\u201d ehk \u201cTeetolmuks\u201d ning kasutati peamiselt keiserlikel n\u00f5udel.<\/p>\n<\/div><\/div><div class=\"et_pb_module et_pb_button_module_wrapper et_pb_button_1_wrapper\"><a class=\"et_pb_button_1 et_pb_button et_pb_bg_layout_light et_animated et_pb_module et_block_module\" href=\"https:\/\/klementiart.com\/en\/designs\/stardust\/\" data-icon=\"$\">Uuri l\u00e4hemalt<\/a><\/div><\/div><\/div><\/div><div class=\"et_pb_section_3 et_pb_section et_section_regular et_block_section\"><div class=\"et_pb_row_5 et_pb_row et_block_row\"><div class=\"et_pb_column_8 et_pb_column et_pb_column_4_4 et-last-child et_block_column et_pb_css_mix_blend_mode_passthrough\"><div class=\"et_pb_text_6 et_pb_text et_pb_bg_layout_light et_animated et_pb_module et_block_module et_pb_text_align_center\"><div class=\"et_pb_text_inner\"><h2>Kesk\u00f6\u00f6 varjud<\/h2>\n<\/div><\/div><div class=\"et_pb_divider_3 et_pb_divider et_pb_space et_pb_divider_position_center et_animated et_pb_module\"><div class=\"et_pb_divider_internal\"><\/div><\/div><\/div><\/div><div class=\"et_pb_row_6 et_pb_row et_block_row\"><div class=\"et_pb_column_9 et_pb_column et_pb_column_2_5 et_block_column et_pb_css_mix_blend_mode_passthrough\"><div class=\"et_pb_text_7 et_pb_text et_pb_bg_layout_light et_pb_module et_block_module\"><div class=\"et_pb_text_inner\"><p>Varjud peidavad v\u00e4rvid ja loovad valguse ja varjude m\u00e4ngumaa.<\/p>\n<p>Valmistatud mustast Hispaania savist, lisatud pisut kontrasti valge glasuuriga, v\u00f5i j\u00e4etud glasuurimata, et esitleda puhast naturaalset savi ning austada seda iidset materjali.<\/p>\n<p>&nbsp;<\/p>\n<\/div><\/div><div class=\"et_pb_module et_pb_button_module_wrapper et_pb_button_2_wrapper\"><a class=\"et_pb_button_2 et_pb_button et_pb_bg_layout_light et_animated et_pb_module et_block_module\" href=\"https:\/\/klementiart.com\/en\/designs\/black-and-white\/\" data-icon=\"$\">Uuri l\u00e4hemalt<\/a><\/div><\/div><div class=\"et_pb_column_10 et_pb_column et_pb_column_3_5 et-last-child et_block_column et_pb_css_mix_blend_mode_passthrough\"><div class=\"et_pb_image_2 et_pb_image et_pb_module et_block_module\"><span class=\"et_pb_image_wrap\"><img decoding=\"async\" src=\"https:\/\/klementiart.com\/wp-content\/uploads\/2023\/02\/20221201-PC010138-4-5-1350-1080x864.webp\" title=\"Mustast Hispaania savist vaas valge dekoratsiooniga\" alt=\"Mustast Hispaania savist vaas valge dekoratsiooniga\" \/><\/span><\/div><\/div><\/div><\/div><div class=\"et_pb_section_4 et_pb_section et_section_regular et_block_section\"><div class=\"et_pb_row_7 et_pb_row et_block_row\"><div class=\"et_pb_column_11 et_pb_column et_pb_column_4_4 et-last-child et_block_column et_pb_css_mix_blend_mode_passthrough\"><div class=\"et_pb_text_8 et_pb_text et_pb_bg_layout_light et_animated et_pb_module et_block_module\"><div class=\"et_pb_text_inner\"><h2>Argip\u00e4eva<\/h2>\n<\/div><\/div><div class=\"et_pb_divider_4 et_pb_divider et_pb_space et_pb_divider_position_center et_animated et_pb_module\"><div class=\"et_pb_divider_internal\"><\/div><\/div><\/div><\/div><div class=\"et_pb_row_8 et_pb_row et_block_row\"><div class=\"et_pb_column_12 et_pb_column et_pb_column_3_5 et_block_column et_pb_css_mix_blend_mode_passthrough\"><div class=\"et_pb_image_3 et_pb_image et_pb_module et_block_module\"><span class=\"et_pb_image_wrap\"><img data-dominant-color=\"847a6f\" data-has-transparency=\"false\" style=\"--dominant-color: #847a6f;\" loading=\"lazy\" decoding=\"async\" src=\"https:\/\/klementiart.com\/wp-content\/uploads\/2024\/02\/20240123-P1230001-4-5-1350-jpg.webp\" width=\"1350\" height=\"1080\" srcset=\"https:\/\/klementiart.com\/wp-content\/uploads\/2024\/02\/20240123-P1230001-4-5-1350-jpg.webp 1350w, https:\/\/klementiart.com\/wp-content\/uploads\/2024\/02\/20240123-P1230001-4-5-1350-1280x1024.webp 1280w, https:\/\/klementiart.com\/wp-content\/uploads\/2024\/02\/20240123-P1230001-4-5-1350-980x784.webp 980w, https:\/\/klementiart.com\/wp-content\/uploads\/2024\/02\/20240123-P1230001-4-5-1350-480x384.webp 480w\" sizes=\"(min-width: 0px) and (max-width: 480px) 480px, (min-width: 481px) and (max-width: 980px) 980px, (min-width: 981px) and (max-width: 1280px) 1280px, (min-width: 1281px) 1350px, 100vw\" class=\"wp-image-987489052 not-transparent\" title=\"Argip\u00e4eva kollektsiooni n\u00e4idis\" alt=\"Hommikukohvi komplekt Kohvikann, filtrihoidja ja kaks tassi\" \/><\/span><\/div><\/div><div class=\"et_pb_column_13 et_pb_column et_pb_column_2_5 et-last-child et_block_column et_pb_css_mix_blend_mode_passthrough\"><div class=\"et_pb_text_9 et_pb_text et_pb_bg_layout_dark et_animated et_pb_module et_block_module\"><div class=\"et_pb_text_inner\"><p>Tuled koju, valmistad teed, istud tugitooli ja t\u00f5mbad hinge...<\/p>\n<p>Siin on tassid, kausid jm lihtsad n\u00f5ud, mis annavad argip\u00e4evale rahuliku, puhta, tagasihoidliku ja maal\u00e4hedase tunde.<\/p>\n<\/div><\/div><div class=\"et_pb_module et_pb_button_module_wrapper et_pb_button_3_wrapper\"><a class=\"et_pb_button_3 et_pb_button et_pb_bg_layout_light et_animated et_pb_module et_block_module\" href=\"https:\/\/klementiart.com\/en\/designs\/everyday-ware\/\" data-icon=\"$\">Uuri l\u00e4hemalt<\/a><\/div><\/div><\/div><\/div><div class=\"et_pb_section_5 et_pb_section et_section_regular et_block_section\"><div class=\"et_pb_row_9 et_pb_row et_block_row\"><div class=\"et_pb_column_14 et_pb_column et_pb_column_4_4 et-last-child et_block_column et_pb_css_mix_blend_mode_passthrough\"><div class=\"et_pb_divider_5 et_pb_divider_hidden et_pb_space et_pb_divider_position_top et_pb_module\"><div class=\"et_pb_divider_internal\"><\/div><\/div><\/div><\/div><\/div>\n","protected":false},"excerpt":{"rendered":"","protected":false},"author":2,"featured_media":3054,"parent":0,"menu_order":0,"comment_status":"closed","ping_status":"closed","template":"","meta":{"footnotes":""},"class_list":["post-987488792","page","type-page","status-publish","has-post-thumbnail","hentry"],"_links":{"self":[{"href":"https:\/\/klementiart.com\/et\/wp-json\/wp\/v2\/pages\/987488792","targetHints":{"allow":["GET"]}}],"collection":[{"href":"https:\/\/klementiart.com\/et\/wp-json\/wp\/v2\/pages"}],"about":[{"href":"https:\/\/klementiart.com\/et\/wp-json\/wp\/v2\/types\/page"}],"author":[{"embeddable":true,"href":"https:\/\/klementiart.com\/et\/wp-json\/wp\/v2\/users\/2"}],"replies":[{"embeddable":true,"href":"https:\/\/klementiart.com\/et\/wp-json\/wp\/v2\/comments?post=987488792"}],"version-history":[{"count":18,"href":"https:\/\/klementiart.com\/et\/wp-json\/wp\/v2\/pages\/987488792\/revisions"}],"predecessor-version":[{"id":987490052,"href":"https:\/\/klementiart.com\/et\/wp-json\/wp\/v2\/pages\/987488792\/revisions\/987490052"}],"wp:featuredmedia":[{"embeddable":true,"href":"https:\/\/klementiart.com\/et\/wp-json\/wp\/v2\/media\/3054"}],"wp:attachment":[{"href":"https:\/\/klementiart.com\/et\/wp-json\/wp\/v2\/media?parent=987488792"}],"curies":[{"name":"wp","href":"https:\/\/api.w.org\/{rel}","templated":true}]}}