{"id":3790,"date":"2023-10-06T11:40:46","date_gmt":"2023-10-06T08:40:46","guid":{"rendered":"https:\/\/klementiart.com\/?page_id=3790"},"modified":"2026-04-13T20:46:41","modified_gmt":"2026-04-13T17:46:41","slug":"veebipood","status":"publish","type":"page","link":"https:\/\/klementiart.com\/et\/veebipood\/","title":{"rendered":"Veebipood"},"content":{"rendered":"<div class=\"et_pb_section_0 et_pb_section et_section_regular et_block_section\"><div class=\"et_pb_row_0 et_pb_row et_block_row\"><div class=\"et_pb_column_0 et_pb_column et_pb_column_3_5 et_block_column et_pb_css_mix_blend_mode_passthrough\"><div class=\"et_pb_text_0 et_pb_text et_pb_bg_layout_dark et_animated et_pb_module et_block_module\"><div class=\"et_pb_text_inner\"><h1>Veebipood<\/h1>\n<\/div><\/div><div class=\"et_pb_divider_0 et_pb_divider et_pb_space et_pb_divider_position_center et_animated et_pb_module\"><div class=\"et_pb_divider_internal\"><\/div><\/div><div class=\"et_pb_text_1 et_pb_text et_pb_bg_layout_dark et_animated et_pb_module et_block_module\"><div class=\"et_pb_text_inner\"><p><span>Kuigi tehased v\u00f5ivad toota paljusid asju odavalt, on meistri k\u00e4ed ainsad, kes suudavad lisada oma t\u00f6\u00f6le armastust, hoolt, t\u00e4helepanu ja meisterlikkust, ning keraamilise anuma valmistamine on alati kunst.<\/span><\/p>\n<\/div><\/div><\/div><div class=\"et_pb_column_1 et_pb_column et_pb_column_2_5 et-last-child et_block_column et_pb_css_mix_blend_mode_passthrough\"><div class=\"et_pb_module et_pb_button_module_wrapper et_pb_button_0_wrapper\"><a class=\"et_pb_button_0 et_pb_button et_pb_bg_layout_light et_animated et_pb_module et_block_module\" href=\"https:\/\/klementiart.etsy.com\" target=\"_blank\" data-icon=\"$\">K\u00fclasta veebipoodi ETSY.COM &#039;s<\/a><\/div><\/div><\/div><\/div><div class=\"et_pb_section_1 et_pb_section et_section_regular et_block_section\"><div class=\"et_pb_row_1 et_pb_row et_block_row\"><div class=\"et_pb_column_2 et_pb_column et_pb_column_2_5 et_block_column et_pb_css_mix_blend_mode_passthrough\"><div class=\"et_pb_gallery_0 et_pb_gallery et_pb_bg_layout_dark et_pb_slider et_pb_gallery_fullwidth clearfix et_pb_module\" data-auto-rotate=\"off\" data-auto-rotate-speed=\"\"><div class=\"et_pb_gallery_items et_post_gallery clearfix\" data-per_page=\"4\"><div class=\"et_pb_gallery_item et_pb_gallery_item_0_0\"><div class=\"et_pb_gallery_image landscape\" data-per_page=\"4\"><a href=\"https:\/\/klementiart.com\/wp-content\/uploads\/2024\/01\/20240123-P1230001-3-4-1350_-jpg.webp\" title=\"20240123-P1230001 3-4 1350_\"><img decoding=\"async\" src=\"https:\/\/klementiart.com\/wp-content\/uploads\/2024\/01\/20240123-P1230001-3-4-1350_-jpg.webp\" alt=\"\" class=\"wp-image-987489011\" \/><span class=\"et_overlay\" data-icon=\"\" data-icon-tablet=\"\" data-icon-phone=\"\"><\/span><\/a><\/div><\/div><div class=\"et_pb_gallery_item et_pb_gallery_item_0_1\"><div class=\"et_pb_gallery_image landscape\" data-per_page=\"4\"><a href=\"https:\/\/klementiart.com\/wp-content\/uploads\/2024\/01\/20240122-P1220100-3-4-1350_-jpg.webp\" title=\"20240122-P1220100 3-4 1350_\"><img decoding=\"async\" src=\"https:\/\/klementiart.com\/wp-content\/uploads\/2024\/01\/20240122-P1220100-3-4-1350_-jpg.webp\" alt=\"\" class=\"wp-image-987489003\" \/><span class=\"et_overlay\" data-icon=\"\" data-icon-tablet=\"\" data-icon-phone=\"\"><\/span><\/a><\/div><\/div><div class=\"et_pb_gallery_item et_pb_gallery_item_0_2\"><div class=\"et_pb_gallery_image landscape\" data-per_page=\"4\"><a href=\"https:\/\/klementiart.com\/wp-content\/uploads\/2024\/01\/20240126-P1260051-3-4-1350_-jpg.webp\" title=\"20240126-P1260051 3-4 1350_\"><img decoding=\"async\" src=\"https:\/\/klementiart.com\/wp-content\/uploads\/2024\/01\/20240126-P1260051-3-4-1350_-jpg.webp\" alt=\"\" class=\"wp-image-987488975\" \/><span class=\"et_overlay\" data-icon=\"\" data-icon-tablet=\"\" data-icon-phone=\"\"><\/span><\/a><\/div><\/div><div class=\"et_pb_gallery_item et_pb_gallery_item_0_3\"><div class=\"et_pb_gallery_image landscape\" data-per_page=\"4\"><a href=\"https:\/\/klementiart.com\/wp-content\/uploads\/2024\/01\/20240131-P1310005-3-4-1350_-jpg.webp\" title=\"20240131-P1310005 3-4 1350_\"><img decoding=\"async\" src=\"https:\/\/klementiart.com\/wp-content\/uploads\/2024\/01\/20240131-P1310005-3-4-1350_-jpg.webp\" alt=\"\" class=\"wp-image-987488964\" \/><span class=\"et_overlay\" data-icon=\"\" data-icon-tablet=\"\" data-icon-phone=\"\"><\/span><\/a><\/div><\/div><div class=\"et_pb_gallery_item et_pb_gallery_item_0_4\"><div class=\"et_pb_gallery_image landscape\" data-per_page=\"4\"><a href=\"https:\/\/klementiart.com\/wp-content\/uploads\/2024\/01\/20240131-P1310002-3-4-1350_-jpg.webp\" title=\"20240131-P1310002 3-4 1350_\"><img decoding=\"async\" src=\"https:\/\/klementiart.com\/wp-content\/uploads\/2024\/01\/20240131-P1310002-3-4-1350_-jpg.webp\" alt=\"\" class=\"wp-image-987488962\" \/><span class=\"et_overlay\" data-icon=\"\" data-icon-tablet=\"\" data-icon-phone=\"\"><\/span><\/a><\/div><\/div><div class=\"et_pb_gallery_item et_pb_gallery_item_0_5\"><div class=\"et_pb_gallery_image landscape\" data-per_page=\"4\"><a href=\"https:\/\/klementiart.com\/wp-content\/uploads\/2024\/01\/20240131-P1310007-3-4-1350_-jpg.webp\" title=\"20240131-P1310007 3-4 1350_\"><img decoding=\"async\" src=\"https:\/\/klementiart.com\/wp-content\/uploads\/2024\/01\/20240131-P1310007-3-4-1350_-jpg.webp\" alt=\"\" class=\"wp-image-987488960\" \/><span class=\"et_overlay\" data-icon=\"\" data-icon-tablet=\"\" data-icon-phone=\"\"><\/span><\/a><\/div><\/div><\/div><\/div><\/div><div class=\"et_pb_column_3 et_pb_column et_pb_column_3_5 et-last-child et_block_column et_pb_css_mix_blend_mode_passthrough\"><div class=\"et_pb_text_2 et_pb_text et_pb_bg_layout_light et_pb_module et_block_module\"><div class=\"et_pb_text_inner\"><h2><a href=\"https:\/\/klementiart.etsy.com\/?section_id=47358666\" title=\"Argip\u00e4eva kollektsioon\" class=\"et-fb-editable-element et-fb-editable-element__editing\" data-shortcode-id=\"2.0.0.0.3-1706862210826\" data-quickaccess-id=\"header\" contenteditable=\"true\">Argip\u00e4eva kollektsioon<\/a><\/h2>\n<\/div><\/div><div class=\"et_pb_divider_1 et_pb_divider et_pb_space et_pb_divider_position_top et_animated et_pb_module\"><div class=\"et_pb_divider_internal\"><\/div><\/div><div class=\"et_pb_text_3 et_pb_text et_pb_bg_layout_light et_pb_module et_block_module\"><div class=\"et_pb_text_inner\"><p>Tuled koju, valmistad teed, istud tugitooli ja t\u00f5mbad hinge...<\/p>\n<p>Siin on tassid, kausid jm lihtsad n\u00f5ud, mis annavad argip\u00e4evale rahuliku, puhta, tagasihoidliku ja maal\u00e4hedase tunde.<\/p>\n<\/div><\/div><div class=\"et_pb_module et_pb_button_module_wrapper et_pb_button_1_wrapper\"><a class=\"et_pb_button_1 et_pb_button et_pb_bg_layout_light et_animated et_pb_module et_block_module .ss_row_align_buttons\" href=\"https:\/\/klementiart.etsy.com\/?section_id=47358666\" target=\"_blank\" data-icon=\"$\">Kollektsioon Etsy&#039;s<\/a><\/div><\/div><\/div><\/div><div class=\"et_pb_section_2 et_pb_section et_section_regular et_block_section\"><div class=\"et_pb_row_2 et_pb_row et_block_row\"><div class=\"et_pb_column_4 et_pb_column et_pb_column_3_5 et_block_column et_pb_css_mix_blend_mode_passthrough\"><div class=\"et_pb_text_4 et_pb_text et_pb_bg_layout_light et_pb_module et_block_module\"><div class=\"et_pb_text_inner\"><h2><a href=\"https:\/\/klementiart.etsy.com\/?section_id=45795817\" title=\"Kollektsioon - Kesk\u00f6\u00f6 varjud\" class=\"et-fb-editable-element et-fb-editable-element__editing\" data-shortcode-id=\"2.0.0.0.1-1706862210797\" data-quickaccess-id=\"header\" contenteditable=\"true\">Kollektsioon - Kesk\u00f6\u00f6 varjud<\/a><\/h2>\n<\/div><\/div><div class=\"et_pb_divider_2 et_pb_divider et_pb_space et_pb_divider_position_top et_animated et_pb_module\"><div class=\"et_pb_divider_internal\"><\/div><\/div><div class=\"et_pb_text_5 et_pb_text et_pb_bg_layout_light et_pb_module et_block_module\"><div class=\"et_pb_text_inner\"><p>Varjud peidavad v\u00e4rvid ja loovad valguse ja varjude m\u00e4ngumaa.<\/p>\n<p>Valmistatud mustast Hispaania savist, lisatud pisut kontrasti valge glasuuriga, v\u00f5i j\u00e4etud glasuurimata, et esitleda puhast naturaalset savi ning austada seda iidset materjali.<\/p>\n<\/div><\/div><div class=\"et_pb_module et_pb_button_module_wrapper et_pb_button_2_wrapper\"><a class=\"et_pb_button_2 et_pb_button et_pb_bg_layout_light et_animated et_pb_module et_block_module .ss_row_align_buttons\" href=\"https:\/\/klementiart.etsy.com\/?section_id=45795817\" target=\"_blank\" data-icon=\"$\">Kollektsioon Etsy&#039;s<\/a><\/div><\/div><div class=\"et_pb_column_5 et_pb_column et_pb_column_2_5 et-last-child et_block_column et_pb_css_mix_blend_mode_passthrough\"><div class=\"et_pb_gallery_1 et_pb_gallery et_pb_bg_layout_dark et_pb_slider et_pb_gallery_fullwidth clearfix et_pb_module\" data-auto-rotate=\"off\" data-auto-rotate-speed=\"\"><div class=\"et_pb_gallery_items et_post_gallery clearfix\" data-per_page=\"4\"><div class=\"et_pb_gallery_item et_pb_gallery_item_1_0\"><div class=\"et_pb_gallery_image landscape\" data-per_page=\"4\"><a href=\"https:\/\/klementiart.com\/wp-content\/uploads\/2023\/12\/20230927-P9270004-3-4-1350_-jpg.webp\" title=\"20230927-P9270004 3-4 1350_\"><img decoding=\"async\" src=\"https:\/\/klementiart.com\/wp-content\/uploads\/2023\/12\/20230927-P9270004-3-4-1350_-jpg.webp\" alt=\"\" class=\"wp-image-987488425\" \/><span class=\"et_overlay\" data-icon=\"\" data-icon-tablet=\"\" data-icon-phone=\"\"><\/span><\/a><\/div><\/div><div class=\"et_pb_gallery_item et_pb_gallery_item_1_1\"><div class=\"et_pb_gallery_image landscape\" data-per_page=\"4\"><a href=\"https:\/\/klementiart.com\/wp-content\/uploads\/2023\/12\/20231009-PA090016-3-4-1350_-jpg.webp\" title=\"20231009-PA090016 3-4 1350_\"><img decoding=\"async\" src=\"https:\/\/klementiart.com\/wp-content\/uploads\/2023\/12\/20231009-PA090016-3-4-1350_-jpg.webp\" alt=\"\" class=\"wp-image-987488427\" \/><span class=\"et_overlay\" data-icon=\"\" data-icon-tablet=\"\" data-icon-phone=\"\"><\/span><\/a><\/div><\/div><div class=\"et_pb_gallery_item et_pb_gallery_item_1_2\"><div class=\"et_pb_gallery_image landscape\" data-per_page=\"4\"><a href=\"https:\/\/klementiart.com\/wp-content\/uploads\/2023\/12\/20231009-PA090019-3-4-1350_-jpg.webp\" title=\"20231009-PA090019 3-4 1350_\"><img decoding=\"async\" src=\"https:\/\/klementiart.com\/wp-content\/uploads\/2023\/12\/20231009-PA090019-3-4-1350_-jpg.webp\" alt=\"\" class=\"wp-image-987488429\" \/><span class=\"et_overlay\" data-icon=\"\" data-icon-tablet=\"\" data-icon-phone=\"\"><\/span><\/a><\/div><\/div><\/div><\/div><\/div><\/div><\/div><div class=\"et_pb_section_3 et_pb_section et_section_regular et_block_section\"><div class=\"et_pb_row_3 et_pb_row et_block_row\"><div class=\"et_pb_column_6 et_pb_column et_pb_column_2_5 et_block_column et_pb_css_mix_blend_mode_passthrough\"><div class=\"et_pb_gallery_2 et_pb_gallery et_pb_bg_layout_dark et_pb_slider et_pb_gallery_fullwidth clearfix et_pb_module\" data-auto-rotate=\"off\" data-auto-rotate-speed=\"\"><div class=\"et_pb_gallery_items et_post_gallery clearfix\" data-per_page=\"4\"><div class=\"et_pb_gallery_item et_pb_gallery_item_2_0\"><div class=\"et_pb_gallery_image landscape\" data-per_page=\"4\"><a href=\"https:\/\/klementiart.com\/wp-content\/uploads\/2024\/02\/20230908-P9080128-4-5-1350-jpg.webp\" title=\"20230908-P9080128 4-5 1350\"><img decoding=\"async\" src=\"https:\/\/klementiart.com\/wp-content\/uploads\/2024\/02\/20230908-P9080128-4-5-1350-jpg.webp\" alt=\"\" class=\"wp-image-987489077\" \/><span class=\"et_overlay\" data-icon=\"\" data-icon-tablet=\"\" data-icon-phone=\"\"><\/span><\/a><\/div><\/div><div class=\"et_pb_gallery_item et_pb_gallery_item_2_1\"><div class=\"et_pb_gallery_image landscape\" data-per_page=\"4\"><a href=\"https:\/\/klementiart.com\/wp-content\/uploads\/2023\/12\/2023-12-21-PC210235-scaled.webp\" title=\"2023-12-21-PC210235\"><img loading=\"lazy\" decoding=\"async\" width=\"2560\" height=\"1920\" src=\"https:\/\/klementiart.com\/wp-content\/uploads\/2023\/12\/2023-12-21-PC210235-scaled.webp\" alt=\"The lid and the body of a ceramic box, with Ice-Crackle glaze surface of a ceramic box\" class=\"wp-image-987488915\" srcset=\"https:\/\/klementiart.com\/wp-content\/uploads\/2023\/12\/2023-12-21-PC210235-scaled.webp 2560w, https:\/\/klementiart.com\/wp-content\/uploads\/2023\/12\/2023-12-21-PC210235-1280x960.webp 1280w, https:\/\/klementiart.com\/wp-content\/uploads\/2023\/12\/2023-12-21-PC210235-980x735.webp 980w, https:\/\/klementiart.com\/wp-content\/uploads\/2023\/12\/2023-12-21-PC210235-480x360.webp 480w\" sizes=\"(min-width: 0px) and (max-width: 480px) 480px, (min-width: 481px) and (max-width: 980px) 980px, (min-width: 981px) and (max-width: 1280px) 1280px, (min-width: 1281px) 2560px, 100vw\" \/><span class=\"et_overlay\" data-icon=\"\" data-icon-tablet=\"\" data-icon-phone=\"\"><\/span><\/a><\/div><\/div><div class=\"et_pb_gallery_item et_pb_gallery_item_2_2\"><div class=\"et_pb_gallery_image landscape\" data-per_page=\"4\"><a href=\"https:\/\/klementiart.com\/wp-content\/uploads\/2023\/12\/2023-12-21-PC210251-scaled.webp\" title=\"2023-12-21-PC210251\"><img loading=\"lazy\" decoding=\"async\" width=\"2560\" height=\"1920\" src=\"https:\/\/klementiart.com\/wp-content\/uploads\/2023\/12\/2023-12-21-PC210251-scaled.webp\" alt=\"Closeup view to the Ice-Crackle glaze surface of a ceramic box\" class=\"wp-image-987488919\" srcset=\"https:\/\/klementiart.com\/wp-content\/uploads\/2023\/12\/2023-12-21-PC210251-scaled.webp 2560w, https:\/\/klementiart.com\/wp-content\/uploads\/2023\/12\/2023-12-21-PC210251-1280x960.webp 1280w, https:\/\/klementiart.com\/wp-content\/uploads\/2023\/12\/2023-12-21-PC210251-980x735.webp 980w, https:\/\/klementiart.com\/wp-content\/uploads\/2023\/12\/2023-12-21-PC210251-480x360.webp 480w\" sizes=\"(min-width: 0px) and (max-width: 480px) 480px, (min-width: 481px) and (max-width: 980px) 980px, (min-width: 981px) and (max-width: 1280px) 1280px, (min-width: 1281px) 2560px, 100vw\" \/><span class=\"et_overlay\" data-icon=\"\" data-icon-tablet=\"\" data-icon-phone=\"\"><\/span><\/a><\/div><\/div><div class=\"et_pb_gallery_item et_pb_gallery_item_2_3\"><div class=\"et_pb_gallery_image landscape\" data-per_page=\"4\"><a href=\"https:\/\/klementiart.com\/wp-content\/uploads\/2023\/12\/20230908-P9080044-3-4-1350_-jpg.webp\" title=\"20230908-P9080044 3-4 1350_\"><img decoding=\"async\" src=\"https:\/\/klementiart.com\/wp-content\/uploads\/2023\/12\/20230908-P9080044-3-4-1350_-jpg.webp\" alt=\"Lidded jar with Ice-Crackle glaze\" class=\"wp-image-987488337\" \/><span class=\"et_overlay\" data-icon=\"\" data-icon-tablet=\"\" data-icon-phone=\"\"><\/span><\/a><\/div><\/div><div class=\"et_pb_gallery_item et_pb_gallery_item_2_4\"><div class=\"et_pb_gallery_image landscape\" data-per_page=\"4\"><a href=\"https:\/\/klementiart.com\/wp-content\/uploads\/2023\/12\/20230908-P9080128-3-4-1350_-jpg.webp\" title=\"20230908-P9080128 3-4 1350_\"><img decoding=\"async\" src=\"https:\/\/klementiart.com\/wp-content\/uploads\/2023\/12\/20230908-P9080128-3-4-1350_-jpg.webp\" alt=\"Ceramic ware with Ice-Crackle glaze\" class=\"wp-image-987488321\" \/><span class=\"et_overlay\" data-icon=\"\" data-icon-tablet=\"\" data-icon-phone=\"\"><\/span><\/a><\/div><\/div><div class=\"et_pb_gallery_item et_pb_gallery_item_2_5\"><div class=\"et_pb_gallery_image landscape\" data-per_page=\"4\"><a href=\"https:\/\/klementiart.com\/wp-content\/uploads\/2023\/12\/20230908-P9080068-3-4-1350_-jpg.webp\" title=\"20230908-P9080068 3-4 1350_\"><img decoding=\"async\" src=\"https:\/\/klementiart.com\/wp-content\/uploads\/2023\/12\/20230908-P9080068-3-4-1350_-jpg.webp\" alt=\"Tea caddy with Ice-Crackle glaze\" class=\"wp-image-987488347\" \/><span class=\"et_overlay\" data-icon=\"\" data-icon-tablet=\"\" data-icon-phone=\"\"><\/span><\/a><\/div><\/div><\/div><\/div><\/div><div class=\"et_pb_column_7 et_pb_column et_pb_column_3_5 et-last-child et_block_column et_pb_css_mix_blend_mode_passthrough\"><div class=\"et_pb_text_6 et_pb_text et_pb_bg_layout_light et_pb_module et_block_module\"><div class=\"et_pb_text_inner\"><h2><a href=\"https:\/\/klementiart.etsy.com\/?section_id=45123008\" title=\"J\u00e4\u00e4kraklee kollektsioon\" class=\"et-fb-editable-element et-fb-editable-element__editing\" data-shortcode-id=\"2.0.0.0.0-1706862210222\" data-quickaccess-id=\"header\" contenteditable=\"true\">J\u00e4\u00e4kraklee kollektsioon<\/a><\/h2>\n<\/div><\/div><div class=\"et_pb_divider_3 et_pb_divider et_pb_space et_pb_divider_position_top et_animated et_pb_module\"><div class=\"et_pb_divider_internal\"><\/div><\/div><div class=\"et_pb_text_7 et_pb_text et_pb_bg_layout_light et_pb_module et_block_module\"><div class=\"et_pb_text_inner\"><p>Minu peamine kollektsioon, kus iga ese on ainulaadne ning oma pragude mustriga.<\/p>\n<p>Oma iseloomuliku mustri saab see v\u00e4ga paksu kraklee glasuuri kihiga, kus praod tekivad mitte ainult vertikaalselt l\u00e4bi glasuuri vaid ka kihiliselt glasuuri sees, luues nii mustri mis meenutab pragunenud j\u00e4\u00e4d. Siit ka nimi - J\u00e4\u00e4kraklee<\/p>\n<\/div><\/div><div class=\"et_pb_module et_pb_button_module_wrapper et_pb_button_3_wrapper\"><a class=\"et_pb_button_3 et_pb_button et_pb_bg_layout_light et_animated et_pb_module et_block_module .ss_row_align_buttons\" href=\"https:\/\/klementiart.etsy.com\/?section_id=45123008\" target=\"_blank\" data-icon=\"$\">Kollektsioon Etsy&#039;s<\/a><\/div><\/div><\/div><\/div><div class=\"et_pb_section_4 et_pb_section et_section_regular et_block_section\"><div class=\"et_pb_row_4 et_pb_row et_block_row\"><div class=\"et_pb_column_8 et_pb_column et_pb_column_3_5 et_block_column et_pb_css_mix_blend_mode_passthrough\"><div class=\"et_pb_text_8 et_pb_text et_pb_bg_layout_light et_pb_module et_block_module\"><div class=\"et_pb_text_inner\"><h2><a href=\"https:\/\/klementiart.etsy.com\/?section_id=44949321\" title=\"Puup\u00f5letus kollektsioon\" class=\"et-fb-editable-element et-fb-editable-element__editing\" data-shortcode-id=\"2.0.0.0.2-1706862210812\" data-quickaccess-id=\"header\" contenteditable=\"true\">Puup\u00f5letus kollektsioon<\/a><\/h2>\n<\/div><\/div><div class=\"et_pb_divider_4 et_pb_divider et_pb_space et_pb_divider_position_top et_animated et_pb_module\"><div class=\"et_pb_divider_internal\"><\/div><\/div><div class=\"et_pb_text_9 et_pb_text et_pb_bg_layout_light et_pb_module et_block_module\"><div class=\"et_pb_text_inner\"><p>P\u00f5letatud Tohisoo anagama puup\u00f5letus ahjus 2023 aasta kevadel. Mul oli v\u00f5imalus v\u00f5tta osa ahju p\u00f5letusest ning seal ka osa oma t\u00f6id p\u00e4letada. Puup\u00f5letuse tulemus on alati ettearvamatu ja ainulaadne. Nende t\u00f6\u00f6de kogu v\u00e4rvus v\u00e4rvus tuleneb leekidest, tuhast ja p\u00f5letusahju redutseerivast atmosf\u00e4\u00e4rist.<\/p>\n<\/div><\/div><div class=\"et_pb_module et_pb_button_module_wrapper et_pb_button_4_wrapper\"><a class=\"et_pb_button_4 et_pb_button et_pb_bg_layout_light et_animated et_pb_module et_block_module .ss_row_align_buttons\" href=\"https:\/\/klementiart.etsy.com\/?section_id=44949321\" target=\"_blank\" data-icon=\"$\">Kollektsioon Etsy&#039;s<\/a><\/div><\/div><div class=\"et_pb_column_9 et_pb_column et_pb_column_2_5 et-last-child et_block_column et_pb_css_mix_blend_mode_passthrough\"><div class=\"et_pb_gallery_3 et_pb_gallery et_pb_bg_layout_dark et_pb_slider et_pb_gallery_fullwidth clearfix et_pb_module\" data-auto-rotate=\"off\" data-auto-rotate-speed=\"\"><div class=\"et_pb_gallery_items et_post_gallery clearfix\" data-per_page=\"4\"><div class=\"et_pb_gallery_item et_pb_gallery_item_3_0\"><div class=\"et_pb_gallery_image landscape\" data-per_page=\"4\"><a href=\"https:\/\/klementiart.com\/wp-content\/uploads\/2024\/02\/20230906-P9060052-1-1-2000px-jpg.webp\" title=\"20230906-P9060052 1-1 2000px\"><img decoding=\"async\" src=\"https:\/\/klementiart.com\/wp-content\/uploads\/2024\/02\/20230906-P9060052-1-1-2000px-jpg.webp\" alt=\"\" class=\"wp-image-987489149\" \/><span class=\"et_overlay\" data-icon=\"\" data-icon-tablet=\"\" data-icon-phone=\"\"><\/span><\/a><\/div><\/div><div class=\"et_pb_gallery_item et_pb_gallery_item_3_1\"><div class=\"et_pb_gallery_image landscape\" data-per_page=\"4\"><a href=\"https:\/\/klementiart.com\/wp-content\/uploads\/2024\/02\/20230906-P9060021-1-1-2000px-jpg.webp\" title=\"20230906-P9060021 1-1 2000px\"><img decoding=\"async\" src=\"https:\/\/klementiart.com\/wp-content\/uploads\/2024\/02\/20230906-P9060021-1-1-2000px-jpg.webp\" alt=\"\" class=\"wp-image-987489147\" \/><span class=\"et_overlay\" data-icon=\"\" data-icon-tablet=\"\" data-icon-phone=\"\"><\/span><\/a><\/div><\/div><div class=\"et_pb_gallery_item et_pb_gallery_item_3_2\"><div class=\"et_pb_gallery_image landscape\" data-per_page=\"4\"><a href=\"https:\/\/klementiart.com\/wp-content\/uploads\/2024\/02\/20230906-P9060019-1-1-2000px-jpg.webp\" title=\"20230906-P9060019 1-1 2000px\"><img decoding=\"async\" src=\"https:\/\/klementiart.com\/wp-content\/uploads\/2024\/02\/20230906-P9060019-1-1-2000px-jpg.webp\" alt=\"\" class=\"wp-image-987489145\" \/><span class=\"et_overlay\" data-icon=\"\" data-icon-tablet=\"\" data-icon-phone=\"\"><\/span><\/a><\/div><\/div><div class=\"et_pb_gallery_item et_pb_gallery_item_3_3\"><div class=\"et_pb_gallery_image landscape\" data-per_page=\"4\"><a href=\"https:\/\/klementiart.com\/wp-content\/uploads\/2024\/02\/20230906-P9060016-1-1-2000px-jpg.webp\" title=\"20230906-P9060016 1-1 2000px\"><img decoding=\"async\" src=\"https:\/\/klementiart.com\/wp-content\/uploads\/2024\/02\/20230906-P9060016-1-1-2000px-jpg.webp\" alt=\"\" class=\"wp-image-987489143\" \/><span class=\"et_overlay\" data-icon=\"\" data-icon-tablet=\"\" data-icon-phone=\"\"><\/span><\/a><\/div><\/div><\/div><\/div><\/div><\/div><\/div><div class=\"et_pb_section_5 et_pb_section et_section_regular et_block_section\"><div class=\"et_pb_row_5 et_pb_row et_block_row\"><div class=\"et_pb_column_10 et_pb_column et_pb_column_4_4 et-last-child et_block_column et_pb_css_mix_blend_mode_passthrough\"><div class=\"et_pb_blurb_0 et_pb_blurb et_pb_bg_layout_light et_pb_text_align_center et_pb_blurb_position_top et_pb_module et_block_module\"><div class=\"et_pb_blurb_content\"><div class=\"et_pb_main_blurb_image\"><span class=\"et_pb_image_wrap\"><span class=\"et-pb-icon et_animated et_animated\">\uf515<\/span><\/span><\/div><div class=\"et_pb_blurb_container\"><h2 class=\"et_pb_module_header\">60 p\u00e4eva meelerahu garantii !<\/h2><div class=\"et_pb_blurb_description\"><p>Loodan, et teile meeldib minu t\u00f6\u00f6 ja see loob teile v\u00e4\u00e4rtust pikaks ajaks. Ma panin oma s\u00fcdame ja hinge selle tegemisse teie jaoks.<\/p>\n<p>Aga \u00e4rge muretsege, kui te muudate oma meelt v\u00f5i ei ole sellega rahul, saate selle 60 p\u00e4eva jooksul tagasi saata samas seisukorras, nagu te selle saite, ja ma tagastan teile raha.<\/p>\n<p>Vaata \u00fcksikasju minu Etsy poe tagastamispoliitikast.<\/p>\n<p>&nbsp;<\/p>\n<\/div><\/div><\/div><\/div><div class=\"et_pb_module et_pb_button_module_wrapper et_pb_button_5_wrapper\"><a class=\"et_pb_button_5 et_pb_button et_pb_bg_layout_light et_animated et_pb_module et_block_module\" href=\"https:\/\/klementiart.etsy.com\" target=\"_blank\" data-icon=\"$\">K\u00fclasta veebipoodi ETSY.COM &#039;s<\/a><\/div><\/div><\/div><\/div><div class=\"et_pb_section_6 et_pb_section et_section_regular et_block_section\"><\/div>","protected":false},"excerpt":{"rendered":"","protected":false},"author":2,"featured_media":3778,"parent":0,"menu_order":0,"comment_status":"closed","ping_status":"closed","template":"","meta":{"footnotes":""},"class_list":["post-3790","page","type-page","status-publish","has-post-thumbnail","hentry"],"_links":{"self":[{"href":"https:\/\/klementiart.com\/et\/wp-json\/wp\/v2\/pages\/3790","targetHints":{"allow":["GET"]}}],"collection":[{"href":"https:\/\/klementiart.com\/et\/wp-json\/wp\/v2\/pages"}],"about":[{"href":"https:\/\/klementiart.com\/et\/wp-json\/wp\/v2\/types\/page"}],"author":[{"embeddable":true,"href":"https:\/\/klementiart.com\/et\/wp-json\/wp\/v2\/users\/2"}],"replies":[{"embeddable":true,"href":"https:\/\/klementiart.com\/et\/wp-json\/wp\/v2\/comments?post=3790"}],"version-history":[{"count":40,"href":"https:\/\/klementiart.com\/et\/wp-json\/wp\/v2\/pages\/3790\/revisions"}],"predecessor-version":[{"id":987490053,"href":"https:\/\/klementiart.com\/et\/wp-json\/wp\/v2\/pages\/3790\/revisions\/987490053"}],"wp:featuredmedia":[{"embeddable":true,"href":"https:\/\/klementiart.com\/et\/wp-json\/wp\/v2\/media\/3778"}],"wp:attachment":[{"href":"https:\/\/klementiart.com\/et\/wp-json\/wp\/v2\/media?parent=3790"}],"curies":[{"name":"wp","href":"https:\/\/api.w.org\/{rel}","templated":true}]}}