{"id":2031,"date":"2022-10-25T17:38:43","date_gmt":"2022-10-25T14:38:43","guid":{"rendered":"https:\/\/klementiart.com\/blogi\/"},"modified":"2026-04-13T20:46:36","modified_gmt":"2026-04-13T17:46:36","slug":"blogi","status":"publish","type":"page","link":"https:\/\/klementiart.com\/et\/blogi\/","title":{"rendered":"Blogi"},"content":{"rendered":"\n<div class=\"et_pb_section_0 et_pb_section et_section_regular et_block_section\"><div class=\"et_pb_row_0 et_pb_row et_block_row\"><div class=\"et_pb_column_0 et_pb_column et_pb_column_3_5 et_block_column et_pb_css_mix_blend_mode_passthrough\"><div class=\"et_pb_text_0 et_pb_text et_pb_bg_layout_dark et_animated et_pb_module et_block_module\"><div class=\"et_pb_text_inner\"><h1>Blogi postitused<\/h1>\n<\/div><\/div><div class=\"et_pb_divider_0 et_pb_divider et_pb_space et_pb_divider_position_center et_animated et_pb_module\"><div class=\"et_pb_divider_internal\"><\/div><\/div><div class=\"et_pb_text_1 et_pb_text et_pb_bg_layout_dark et_animated et_pb_module et_block_module\"><div class=\"et_pb_text_inner\"><p>Kui me kirjutame:<br \/>M\u00f5tetest saavad s\u00f5nad, laused ja pildid.<br \/>M\u00e4lestustest saavad jutustused ja ideed muunduvad.<\/p>\n<\/div><\/div><\/div><div class=\"et_pb_column_1 et_pb_column et_pb_column_2_5 et-last-child et_block_column et_pb_column_empty et_pb_css_mix_blend_mode_passthrough\"><\/div><\/div><\/div><div class=\"et_pb_section_1 et_pb_section et_section_regular et_block_section\"><div class=\"et_pb_row_1 et_pb_row et_pb_row_3-4_1-4 et_block_row et_block_row_3-4_1-4\"><div class=\"et_pb_column_2 et_pb_column et_pb_column_3_4 et_block_column et_pb_css_mix_blend_mode_passthrough\"><div class=\"et_pb_blog_0 et_pb_blog et_pb_bg_layout_light et_pb_posts et_pb_module\"><div class=\"et_pb_ajax_pagination_container\"><div class=\"et_pb_posts et_grid_module\"><article class=\"et_pb_post et_pb_post_id_987489732 clearfix et_pb_has_overlay et_pb_blog_item_0_0 post-987489732 post type-post status-publish format-standard has-post-thumbnail hentry category-peegeldused\"><div class=\"et_pb_image_container\"><a href=\"https:\/\/klementiart.com\/et\/peegeldused\/uus-elu-katkistele-noudele\/\" class=\"entry-featured-image-url\"><img loading=\"lazy\" decoding=\"async\" src=\"https:\/\/klementiart.com\/wp-content\/uploads\/2025\/12\/2025-12-05-Kintsugi-PC050008.webp\" width=\"400\" height=\"284\" alt=\"Uus elu katkistele n\u00f5udele\" class=\"\" srcset=\"https:\/\/klementiart.com\/wp-content\/uploads\/2025\/12\/2025-12-05-Kintsugi-PC050008.webp 479w, https:\/\/klementiart.com\/wp-content\/uploads\/2025\/12\/2025-12-05-Kintsugi-PC050008-400x284.webp 480w\" sizes=\"(max-width:479px) 479px, 100vw\" \/><span data-icon=\"T\" class=\"et_overlay et_pb_inline_icon\"><\/span><\/a><\/div><h2 class=\"entry-title\"><a href=\"https:\/\/klementiart.com\/et\/peegeldused\/uus-elu-katkistele-noudele\/\">Uus elu katkistele n\u00f5udele<\/a><\/h2><p class=\"post-meta\"><span class=\"published\">dets. 5, 2025<\/span> | <span class=\"entry-categories\"><a href=\"https:\/\/klementiart.com\/et\/teema\/peegeldused\/\" rel=\"tag\">Peegeldused<\/a><\/span><\/p><div class=\"post-content\"><div class=\"post-content-inner\"><p>Miski siin maistest asjadest ei ole t\u00e4iuslik ja miski ei ole p\u00fcsiv. See sai on parandatud t\u00e4nap\u00e4eva Kintsugi tehnikas.  <\/p>\n<\/div><a href=\"https:\/\/klementiart.com\/et\/peegeldused\/uus-elu-katkistele-noudele\/\" class=\"more-link\">read more...<\/a><\/div><\/article><article class=\"et_pb_post et_pb_post_id_987489686 clearfix et_pb_has_overlay et_pb_blog_item_0_1 post-987489686 post type-post status-publish format-standard has-post-thumbnail hentry category-lambivalguses\"><div class=\"et_pb_image_container\"><a href=\"https:\/\/klementiart.com\/et\/lambivalguses\/pannkoogitirin\/\" class=\"entry-featured-image-url\"><img loading=\"lazy\" decoding=\"async\" src=\"https:\/\/klementiart.com\/wp-content\/uploads\/2025\/01\/2024-12-21-PANNKOOGI-TIRIN-PC210046.webp\" width=\"400\" height=\"284\" alt=\"Pannkoogitirin\" class=\"\" srcset=\"https:\/\/klementiart.com\/wp-content\/uploads\/2025\/01\/2024-12-21-PANNKOOGI-TIRIN-PC210046.webp 479w, https:\/\/klementiart.com\/wp-content\/uploads\/2025\/01\/2024-12-21-PANNKOOGI-TIRIN-PC210046-400x284.webp 480w\" sizes=\"(max-width:479px) 479px, 100vw\" \/><span data-icon=\"T\" class=\"et_overlay et_pb_inline_icon\"><\/span><\/a><\/div><h2 class=\"entry-title\"><a href=\"https:\/\/klementiart.com\/et\/lambivalguses\/pannkoogitirin\/\">Pannkoogitirin<\/a><\/h2><p class=\"post-meta\"><span class=\"published\">jaan. 28, 2025<\/span> | <span class=\"entry-categories\"><a href=\"https:\/\/klementiart.com\/et\/teema\/lambivalguses\/\" rel=\"tag\">Lambivalguses<\/a><\/span><\/p><div class=\"post-content\"><div class=\"post-content-inner\"><p>Napilt enne j\u00f5ule sain sellise toreda ettepaneku, et kas ma teeksin veel J\u00f5uludeks \u00fche pannkoogitirina. Aga loomulikult, v\u00e4ga tore m\u00f5te! Eee, a mis see on?  <\/p>\n<\/div><a href=\"https:\/\/klementiart.com\/et\/lambivalguses\/pannkoogitirin\/\" class=\"more-link\">read more...<\/a><\/div><\/article><article class=\"et_pb_post et_pb_post_id_987489525 clearfix et_pb_has_overlay et_pb_blog_item_0_2 post-987489525 post type-post status-publish format-standard has-post-thumbnail hentry category-lambivalguses\"><div class=\"et_pb_image_container\"><a href=\"https:\/\/klementiart.com\/et\/lambivalguses\/monotrykk-savil\/\" class=\"entry-featured-image-url\"><img loading=\"lazy\" decoding=\"async\" src=\"https:\/\/klementiart.com\/wp-content\/uploads\/2024\/12\/2024-12-03-Saviplaadid-PC030035.webp\" width=\"400\" height=\"284\" alt=\"Monotr\u00fckk savil\" class=\"\" srcset=\"https:\/\/klementiart.com\/wp-content\/uploads\/2024\/12\/2024-12-03-Saviplaadid-PC030035.webp 479w, https:\/\/klementiart.com\/wp-content\/uploads\/2024\/12\/2024-12-03-Saviplaadid-PC030035-400x284.webp 480w\" sizes=\"(max-width:479px) 479px, 100vw\" \/><span data-icon=\"T\" class=\"et_overlay et_pb_inline_icon\"><\/span><\/a><\/div><h2 class=\"entry-title\"><a href=\"https:\/\/klementiart.com\/et\/lambivalguses\/monotrykk-savil\/\">Monotr\u00fckk savil<\/a><\/h2><p class=\"post-meta\"><span class=\"published\">dets. 4, 2024<\/span> | <span class=\"entry-categories\"><a href=\"https:\/\/klementiart.com\/et\/teema\/lambivalguses\/\" rel=\"tag\">Lambivalguses<\/a><\/span><\/p><div class=\"post-content\"><div class=\"post-content-inner\"><p>Musta savisse pressitud h\u00f5lmikpuu lehed ja ka \u00fcks haava leht. V\u00e4rvitud valge angoobiga ja p\u00f5letatud 1240 kraadini.  <\/p>\n<\/div><a href=\"https:\/\/klementiart.com\/et\/lambivalguses\/monotrykk-savil\/\" class=\"more-link\">read more...<\/a><\/div><\/article><article class=\"et_pb_post et_pb_post_id_987489506 clearfix et_pb_has_overlay et_pb_blog_item_0_3 post-987489506 post type-post status-publish format-standard has-post-thumbnail hentry category-peegeldused\"><div class=\"et_pb_image_container\"><a href=\"https:\/\/klementiart.com\/et\/peegeldused\/loo-kunsti-mitte-probleeme\/\" class=\"entry-featured-image-url\"><img loading=\"lazy\" decoding=\"async\" src=\"https:\/\/klementiart.com\/wp-content\/uploads\/2024\/11\/2024-11-29-Ginko-lehed-PB290016.webp\" width=\"400\" height=\"284\" alt=\"Loo kunsti, mitte probleeme!\" class=\"\" srcset=\"https:\/\/klementiart.com\/wp-content\/uploads\/2024\/11\/2024-11-29-Ginko-lehed-PB290016.webp 479w, https:\/\/klementiart.com\/wp-content\/uploads\/2024\/11\/2024-11-29-Ginko-lehed-PB290016-400x284.webp 480w\" sizes=\"(max-width:479px) 479px, 100vw\" \/><span data-icon=\"T\" class=\"et_overlay et_pb_inline_icon\"><\/span><\/a><\/div><h2 class=\"entry-title\"><a href=\"https:\/\/klementiart.com\/et\/peegeldused\/loo-kunsti-mitte-probleeme\/\">Loo kunsti, mitte probleeme!<\/a><\/h2><p class=\"post-meta\"><span class=\"published\">nov. 30, 2024<\/span> | <span class=\"entry-categories\"><a href=\"https:\/\/klementiart.com\/et\/teema\/peegeldused\/\" rel=\"tag\">Peegeldused<\/a><\/span><\/p><div class=\"post-content\"><div class=\"post-content-inner\"><p>H\u00f5lmikpuu lehed langesid juba m\u00f5nda aega tagasi. Korjasin osad v\u00e4rsked lehed puu alt ja panin need tallele varju alla, kaitstuna vihma eest. Mine tea millal neid vaja v\u00f5ib minna ja t\u00e4na l\u00e4kski tarvis!  <\/p>\n<\/div><a href=\"https:\/\/klementiart.com\/et\/peegeldused\/loo-kunsti-mitte-probleeme\/\" class=\"more-link\">read more...<\/a><\/div><\/article><article class=\"et_pb_post et_pb_post_id_987489488 clearfix et_pb_has_overlay et_pb_blog_item_0_4 post-987489488 post type-post status-publish format-standard has-post-thumbnail hentry category-lambivalguses\"><div class=\"et_pb_image_container\"><a href=\"https:\/\/klementiart.com\/et\/lambivalguses\/koige-olulisem-on-silmale-nahtamatu\/\" class=\"entry-featured-image-url\"><img loading=\"lazy\" decoding=\"async\" src=\"https:\/\/klementiart.com\/wp-content\/uploads\/2024\/11\/Stack-5-Teadust-2-Crystal-stack-2.webp\" width=\"400\" height=\"284\" alt=\"K\u00f5ige olulisem on silmale n\u00e4htamatu\" class=\"\" srcset=\"https:\/\/klementiart.com\/wp-content\/uploads\/2024\/11\/Stack-5-Teadust-2-Crystal-stack-2.webp 479w, https:\/\/klementiart.com\/wp-content\/uploads\/2024\/11\/Stack-5-Teadust-2-Crystal-stack-2-400x284.webp 480w\" sizes=\"(max-width:479px) 479px, 100vw\" \/><span data-icon=\"T\" class=\"et_overlay et_pb_inline_icon\"><\/span><\/a><\/div><h2 class=\"entry-title\"><a href=\"https:\/\/klementiart.com\/et\/lambivalguses\/koige-olulisem-on-silmale-nahtamatu\/\">K\u00f5ige olulisem on silmale n\u00e4htamatu<\/a><\/h2><p class=\"post-meta\"><span class=\"published\">nov. 25, 2024<\/span> | <span class=\"entry-categories\"><a href=\"https:\/\/klementiart.com\/et\/teema\/lambivalguses\/\" rel=\"tag\">Lambivalguses<\/a><\/span><\/p><div class=\"post-content\"><div class=\"post-content-inner\"><p>Palja silmaga vaadates n\u00e4evad need kuldsed kristallid sellel topsil v\u00e4lja nagu v\u00e4ike kuldne tolm glasuuri pinnal kuid vaadates v\u00e4ga l\u00e4hedalt l\u00e4bi suurenduse avaneb hoopis teistsugune pilt.<\/p>\n<\/div><a href=\"https:\/\/klementiart.com\/et\/lambivalguses\/koige-olulisem-on-silmale-nahtamatu\/\" class=\"more-link\">read more...<\/a><\/div><\/article><article class=\"et_pb_post et_pb_post_id_987489456 clearfix et_pb_has_overlay et_pb_blog_item_0_5 post-987489456 post type-post status-publish format-standard has-post-thumbnail hentry category-lambivalguses\"><div class=\"et_pb_image_container\"><a href=\"https:\/\/klementiart.com\/et\/lambivalguses\/esimene-olilamp-mille-tegin\/\" class=\"entry-featured-image-url\"><img loading=\"lazy\" decoding=\"async\" src=\"https:\/\/klementiart.com\/wp-content\/uploads\/2024\/11\/2024-11-16-Olilamp-PB160025.webp\" width=\"400\" height=\"284\" alt=\"Esimene \u00f5lilamp, mille ma tegin\" class=\"\" srcset=\"https:\/\/klementiart.com\/wp-content\/uploads\/2024\/11\/2024-11-16-Olilamp-PB160025.webp 479w, https:\/\/klementiart.com\/wp-content\/uploads\/2024\/11\/2024-11-16-Olilamp-PB160025-400x284.webp 480w\" sizes=\"(max-width:479px) 479px, 100vw\" \/><span data-icon=\"T\" class=\"et_overlay et_pb_inline_icon\"><\/span><\/a><\/div><h2 class=\"entry-title\"><a href=\"https:\/\/klementiart.com\/et\/lambivalguses\/esimene-olilamp-mille-tegin\/\">Esimene \u00f5lilamp, mille ma tegin<\/a><\/h2><p class=\"post-meta\"><span class=\"published\">nov. 17, 2024<\/span> | <span class=\"entry-categories\"><a href=\"https:\/\/klementiart.com\/et\/teema\/lambivalguses\/\" rel=\"tag\">Lambivalguses<\/a><\/span><\/p><div class=\"post-content\"><div class=\"post-content-inner\"><p>K\u00f5ige esimene \u00f5lilamp, mille tegin, oli kingitus meie pere v\u00e4ga erilisele s\u00f5brale. Aga n\u00fc\u00fcd tahtsin lihtsalt n\u00e4idata, kuidas see v\u00e4lja tuli. <\/p>\n<\/div><a href=\"https:\/\/klementiart.com\/et\/lambivalguses\/esimene-olilamp-mille-tegin\/\" class=\"more-link\">read more...<\/a><\/div><\/article><\/div><div class=\"pagination clearfix\">\n\t<div class=\"alignleft\"><a href=\"https:\/\/klementiart.com\/et\/wp-json\/wp\/v2\/pages\/2031\/page\/2\/?et_blog\" >&lt;&lt; Vanemad postitused<\/a><\/div>\n\t<div class=\"alignright\"><\/div>\n<\/div><\/div><\/div><\/div><div class=\"et_pb_column_3 et_pb_column et_pb_column_1_4 et-last-child et_block_column et_pb_css_mix_blend_mode_passthrough\"><div class=\"et_pb_text_2 et_pb_text et_pb_bg_layout_light et_pb_module et_block_module\"><div class=\"et_pb_text_inner\"><h3>Blogi teemad:<\/h3>\n<\/div><\/div><div class=\"et_pb_menu_0 et_pb_menu et_pb_menu--without-logo et_pb_menu--style-left_aligned et_dropdown_animation_fade et_pb_bg_layout_light et_pb_text_align_right-tablet et_pb_text_align_right-phone et_pb_module et_flex_module dl-v-menu\"><div class=\"et_pb_menu_inner_container et_flex_module\"><div class=\"et_pb_menu__wrap\"><div class=\"et_pb_menu__menu\"><nav class=\"et-menu-nav\"><ul id=\"menu-blog-categories-estonian\" class=\"et-menu nav downwards\"><li id=\"menu-item-2149\" class=\"et_pb_menu_page_id-2031 menu-item menu-item-type-post_type menu-item-object-page menu-item-2149\"><a href=\"https:\/\/klementiart.com\/et\/blogi\/\">K\u00f5ik teemad<\/a><\/li>\n<li id=\"menu-item-2131\" class=\"et_pb_menu_page_id-86 menu-item menu-item-type-taxonomy menu-item-object-category menu-item-2131\"><a href=\"https:\/\/klementiart.com\/et\/teema\/stuudio-logi\/\">Stuudio m\u00e4rkmik<\/a><\/li>\n<li id=\"menu-item-2132\" class=\"et_pb_menu_page_id-87 menu-item menu-item-type-taxonomy menu-item-object-category menu-item-2132\"><a href=\"https:\/\/klementiart.com\/et\/teema\/lambivalguses\/\">Lambivalguses<\/a><\/li>\n<li id=\"menu-item-2133\" class=\"et_pb_menu_page_id-84 menu-item menu-item-type-taxonomy menu-item-object-category menu-item-2133\"><a href=\"https:\/\/klementiart.com\/et\/teema\/potikedra-taga\/\">Potikedra taga<\/a><\/li>\n<li id=\"menu-item-2134\" class=\"et_pb_menu_page_id-85 menu-item menu-item-type-taxonomy menu-item-object-category menu-item-2134\"><a href=\"https:\/\/klementiart.com\/et\/teema\/peegeldused\/\">Peegeldused<\/a><\/li>\n<\/ul><\/nav><\/div><div class=\"et_mobile_nav_menu\"><div class=\"mobile_nav closed\"><span class=\"mobile_menu_bar\"><\/span><\/div><\/div><\/div><\/div><\/div><div class=\"et_pb_code_0 et_pb_code et_pb_module\"><\/div><\/div><\/div><\/div>\n","protected":false},"excerpt":{"rendered":"","protected":false},"author":2,"featured_media":2241,"parent":0,"menu_order":0,"comment_status":"closed","ping_status":"closed","template":"","meta":{"footnotes":""},"class_list":["post-2031","page","type-page","status-publish","has-post-thumbnail","hentry"],"_links":{"self":[{"href":"https:\/\/klementiart.com\/et\/wp-json\/wp\/v2\/pages\/2031","targetHints":{"allow":["GET"]}}],"collection":[{"href":"https:\/\/klementiart.com\/et\/wp-json\/wp\/v2\/pages"}],"about":[{"href":"https:\/\/klementiart.com\/et\/wp-json\/wp\/v2\/types\/page"}],"author":[{"embeddable":true,"href":"https:\/\/klementiart.com\/et\/wp-json\/wp\/v2\/users\/2"}],"replies":[{"embeddable":true,"href":"https:\/\/klementiart.com\/et\/wp-json\/wp\/v2\/comments?post=2031"}],"version-history":[{"count":17,"href":"https:\/\/klementiart.com\/et\/wp-json\/wp\/v2\/pages\/2031\/revisions"}],"predecessor-version":[{"id":987490036,"href":"https:\/\/klementiart.com\/et\/wp-json\/wp\/v2\/pages\/2031\/revisions\/987490036"}],"wp:featuredmedia":[{"embeddable":true,"href":"https:\/\/klementiart.com\/et\/wp-json\/wp\/v2\/media\/2241"}],"wp:attachment":[{"href":"https:\/\/klementiart.com\/et\/wp-json\/wp\/v2\/media?parent=2031"}],"curies":[{"name":"wp","href":"https:\/\/api.w.org\/{rel}","templated":true}]}}