{"id":1479,"date":"2022-12-01T11:29:39","date_gmt":"2022-12-01T09:29:39","guid":{"rendered":"https:\/\/klementiart.com\/?page_id=1479"},"modified":"2026-04-13T20:46:38","modified_gmt":"2026-04-13T17:46:38","slug":"1479-2","status":"publish","type":"page","link":"https:\/\/klementiart.com\/","title":{"rendered":"Home of handmade ceramics by Kristjan Klementi"},"content":{"rendered":"\n<div class=\"et_pb_section_0 et_pb_section et_section_regular et_block_section\"><div class=\"et_pb_row_0 et_pb_row et_block_row\"><div class=\"et_pb_column_0 et_pb_column et_pb_column_1_3 et_block_column et_pb_css_mix_blend_mode_passthrough\"><div class=\"et_pb_image_0 et_pb_image et_pb_module et_block_module\"><span class=\"et_pb_image_wrap\"><img data-dominant-color=\"fcfcfc\" data-has-transparency=\"true\" style=\"--dominant-color: #fcfcfc;\" loading=\"lazy\" decoding=\"async\" src=\"https:\/\/klementiart.com\/wp-content\/uploads\/2022\/12\/LOGO_ARTCRAFT-horisonatl-transparent_W_S-510x150.png\" width=\"510\" height=\"150\" srcset=\"https:\/\/klementiart.com\/wp-content\/uploads\/2022\/12\/LOGO_ARTCRAFT-horisonatl-transparent_W_S-510x150.png 510w\" sizes=\"(min-width: 0px) and (max-width: 480px) 480px, (min-width: 481px) 510px, 100vw\" class=\"wp-image-2665 has-transparency\" title=\"Site logo White, Transparent\" alt=\"Site logo White, Transparent\" \/><\/span><\/div><div class=\"et_pb_text_0 et_pb_text et_pb_bg_layout_dark et_pb_module et_block_module\"><div class=\"et_pb_text_inner\"><h1>Handmade ceramics <strong>by Kristjan Klementi<\/strong><\/h1>\n<\/div><\/div><\/div><div class=\"et_pb_column_1 et_pb_column et_pb_column_2_3 et-last-child et_block_column et_pb_css_mix_blend_mode_passthrough\"><div class=\"et_pb_divider_0 et_pb_divider_hidden et_pb_space et_pb_divider_position_top et_pb_module\"><div class=\"et_pb_divider_internal\"><\/div><\/div><\/div><\/div><\/div><div class=\"et_pb_section_1 et_pb_section et_section_regular et_block_section\"><div class=\"et_pb_row_1 et_pb_row et_pb_equal_columns et_block_row\"><div class=\"et_pb_column_2 et_pb_column et_pb_column_1_2 et_block_column et_pb_css_mix_blend_mode_passthrough\"><div class=\"et_pb_image_1 et_pb_image et_pb_module et_block_module\"><a href=\"https:\/\/klementiart.com\/en\/\"><span class=\"et_pb_image_wrap\"><img data-dominant-color=\"ab6888\" data-has-transparency=\"false\" style=\"--dominant-color: #ab6888;\" loading=\"lazy\" decoding=\"async\" src=\"https:\/\/klementiart.com\/wp-content\/uploads\/2022\/12\/suurbritannia-lipp-600x300-1-320x160.webp\" width=\"320\" height=\"160\" srcset=\"https:\/\/klementiart.com\/wp-content\/uploads\/2022\/12\/suurbritannia-lipp-600x300-1-320x160.webp 320w, https:\/\/klementiart.com\/wp-content\/uploads\/2022\/12\/suurbritannia-lipp-600x300-1.webp 346w\" sizes=\"(max-width: 320px) 100vw, 320px\" class=\"wp-image-2641 not-transparent\" title=\"suurbritannia-lipp-600x300\" \/><\/span><\/a><\/div><div class=\"et_pb_image_2 et_pb_image et_pb_module et_block_module dt-zoom-in\"><a href=\"https:\/\/klementiart.com\/en\/\"><span class=\"et_pb_image_wrap\"><img data-dominant-color=\"928a7f\" data-has-transparency=\"false\" style=\"--dominant-color: #928a7f;\" loading=\"lazy\" decoding=\"async\" src=\"https:\/\/klementiart.com\/wp-content\/uploads\/2025\/01\/JK23-GRUPIPILDID-P9080131Copy-3-1080x608.webp\" width=\"1080\" height=\"608\" srcset=\"https:\/\/klementiart.com\/wp-content\/uploads\/2025\/01\/JK23-GRUPIPILDID-P9080131Copy-3-980x551.webp 980w, https:\/\/klementiart.com\/wp-content\/uploads\/2025\/01\/JK23-GRUPIPILDID-P9080131Copy-3-480x270.webp 480w\" sizes=\"(min-width: 0px) and (max-width: 480px) 480px, (min-width: 481px) and (max-width: 980px) 980px, (min-width: 981px) 1080px, 100vw\" class=\"wp-image-987489554 not-transparent\" title=\"JK23 GRUPIPILDID - P9080131Copy 3\" \/><\/span><\/a><\/div><div class=\"et_pb_text_1 et_pb_text et_pb_bg_layout_light et_pb_module et_block_module\"><div class=\"et_pb_text_inner\"><h2>Welcome to my ceramics and handcraft home!<\/h2>\n<h3>Simple, Subtle and Timeless<\/h3>\n<p>I make handmade ceramics in my tiny home studio.<\/p>\n<p>For me art is not just creativity, but also mastery and skills of creating.<\/p>\n<p>Every piece I make is my journey to mastery. Every little detail has its meaning and importance to bring them together into the final fine vessels in one integrity, so the final piece is not just nice, but pleasant to the eye and silky smooth to the hand to hold them. <span>My work is made to be used with a hope they will withstand the test of time.<\/span><\/p>\n<\/div><\/div><div class=\"et_pb_module et_pb_button_module_wrapper et_pb_button_0_wrapper\"><a class=\"et_pb_button_0 et_pb_button et_pb_bg_layout_light et_animated et_pb_module et_block_module .ss_row_align_buttons\" href=\"https:\/\/klementiart.com\/en\/\" data-icon=\"$\">Continue in English<\/a><\/div><\/div><div class=\"et_pb_column_3 et_pb_column et_pb_column_1_2 et-last-child et_block_column et_pb_css_mix_blend_mode_passthrough\"><div class=\"et_pb_image_3 et_pb_image et_pb_module et_block_module\"><a href=\"https:\/\/klementiart.com\/et\/\"><span class=\"et_pb_image_wrap\"><img data-dominant-color=\"4f728f\" data-has-transparency=\"false\" style=\"--dominant-color: #4f728f;\" loading=\"lazy\" decoding=\"async\" src=\"https:\/\/klementiart.com\/wp-content\/uploads\/2022\/12\/Flag_of_Estonia.svg_.png\" width=\"255\" height=\"162\" srcset=\"https:\/\/klementiart.com\/wp-content\/uploads\/2022\/12\/Flag_of_Estonia.svg_.png 255w\" sizes=\"(max-width: 255px) 100vw, 255px\" class=\"wp-image-2643 not-transparent\" title=\"Flag_of_Estonia.svg\" \/><\/span><\/a><\/div><div class=\"et_pb_image_4 et_pb_image et_pb_module et_block_module dt-zoom-in\"><a href=\"https:\/\/klementiart.com\/et\/\"><span class=\"et_pb_image_wrap\"><img data-dominant-color=\"7f7669\" data-has-transparency=\"false\" style=\"--dominant-color: #7f7669;\" loading=\"lazy\" decoding=\"async\" src=\"https:\/\/klementiart.com\/wp-content\/uploads\/2025\/01\/I24.KM-SETID-DETAILID-P1260006Copy-1-1080x608.webp\" width=\"1080\" height=\"608\" srcset=\"https:\/\/klementiart.com\/wp-content\/uploads\/2025\/01\/I24.KM-SETID-DETAILID-P1260006Copy-1-980x551.webp 980w, https:\/\/klementiart.com\/wp-content\/uploads\/2025\/01\/I24.KM-SETID-DETAILID-P1260006Copy-1-480x270.webp 480w\" sizes=\"(min-width: 0px) and (max-width: 480px) 480px, (min-width: 481px) and (max-width: 980px) 980px, (min-width: 981px) 1080px, 100vw\" class=\"wp-image-987489552 not-transparent\" title=\"I24.KM SETID &amp; DETAILID - P1260006Copy 1\" alt=\"Theme image - Midnight collection\" \/><\/span><\/a><\/div><div class=\"et_pb_text_2 et_pb_text et_pb_bg_layout_light et_pb_module et_block_module\"><div class=\"et_pb_text_inner\"><h2>Tere tulemast minu keraamika ja k\u00e4sit\u00f6\u00f6 lehele!<\/h2>\n<h3>Lihtne, viimistletud, ajatu<\/h3>\n<p>Valmistan k\u00e4sit\u00f6\u00f6 keraamikat oma tillukeses kodustuudios.<\/p>\n<p>Minu jaoks kunst ei ole ainult loomingulisus, vaid ka oskus ja osavus seda valmistada.<\/p>\n<p>Iga v\u00e4iksemgi detail omab eesm\u00e4rki ja t\u00e4hendust, luues \u00fchtse terviku l\u00f5ppviimistluses, selleks et valminud ese ei oleks mitte lihtsalt kena silmale vaid ka soe ning siidiselt sile k\u00e4es hoides. Ma valmistan oma esemeid selleks, et neid kasutataks ja lootuses, et nad peavad vastu ajaproovile.<\/p>\n<\/div><\/div><div class=\"et_pb_module et_pb_button_module_wrapper et_pb_button_1_wrapper\"><a class=\"et_pb_button_1 et_pb_button et_pb_bg_layout_light et_animated et_pb_module et_block_module .ss_row_align_buttons\" href=\"https:\/\/klementiart.com\/et\/\" data-icon=\"$\">J\u00e4tka Eesti keeles<\/a><\/div><\/div><\/div><\/div>\n","protected":false},"excerpt":{"rendered":"<p>Welcome to the home of handmade ceramics by Kristjan Klementi. I make fine pottery in my tiny home studio in Tallinn, Estonia.<\/p>\n","protected":false},"author":2,"featured_media":2224,"parent":0,"menu_order":0,"comment_status":"closed","ping_status":"closed","template":"","meta":{"footnotes":""},"class_list":["post-1479","page","type-page","status-publish","has-post-thumbnail","hentry"],"_links":{"self":[{"href":"https:\/\/klementiart.com\/en\/wp-json\/wp\/v2\/pages\/1479","targetHints":{"allow":["GET"]}}],"collection":[{"href":"https:\/\/klementiart.com\/en\/wp-json\/wp\/v2\/pages"}],"about":[{"href":"https:\/\/klementiart.com\/en\/wp-json\/wp\/v2\/types\/page"}],"author":[{"embeddable":true,"href":"https:\/\/klementiart.com\/en\/wp-json\/wp\/v2\/users\/2"}],"replies":[{"embeddable":true,"href":"https:\/\/klementiart.com\/en\/wp-json\/wp\/v2\/comments?post=1479"}],"version-history":[{"count":12,"href":"https:\/\/klementiart.com\/en\/wp-json\/wp\/v2\/pages\/1479\/revisions"}],"predecessor-version":[{"id":987490042,"href":"https:\/\/klementiart.com\/en\/wp-json\/wp\/v2\/pages\/1479\/revisions\/987490042"}],"wp:featuredmedia":[{"embeddable":true,"href":"https:\/\/klementiart.com\/en\/wp-json\/wp\/v2\/media\/2224"}],"wp:attachment":[{"href":"https:\/\/klementiart.com\/en\/wp-json\/wp\/v2\/media?parent=1479"}],"curies":[{"name":"wp","href":"https:\/\/api.w.org\/{rel}","templated":true}]}}